{"id":22266,"date":"2025-02-04T14:00:13","date_gmt":"2025-02-04T13:00:13","guid":{"rendered":"https:\/\/galerie-seydoux.fr\/?post_type=product&#038;p=22266"},"modified":"2025-03-20T15:32:09","modified_gmt":"2025-03-20T14:32:09","slug":"eugene-delatre-rue-de-village-ca-1905","status":"publish","type":"product","link":"https:\/\/galerie-seydoux.fr\/en\/collections\/eugene-delatre-rue-de-village-ca-1905\/","title":{"rendered":"Eug\u00e8ne DEL\u00c2TRE &#8211; Rue de village, ca 1905"},"content":{"rendered":"<p>Tr\u00e8s belle \u00e9preuve sur v\u00e9lin imprim\u00e9e en couleurs, sign\u00e9e et d\u00e9dicac\u00e9e. Quelques tr\u00e8s l\u00e9g\u00e8res traces de plis souples.<\/p>\n","protected":false},"excerpt":{"rendered":"<p>Tr\u00e8s belle \u00e9preuve sur v\u00e9lin imprim\u00e9e en couleurs, sign\u00e9e et d\u00e9dicac\u00e9e. Quelques tr\u00e8s l\u00e9g\u00e8res traces de plis souples.<\/p>\n","protected":false},"featured_media":22016,"template":"","meta":{"_acf_changed":false,"_et_pb_use_builder":"","_et_pb_old_content":"","_et_gb_content_width":"","inline_featured_image":false},"product_brand":[],"product_cat":[3679,3672,3674],"product_tag":[],"pa_product_author":[],"class_list":{"0":"post-22266","1":"product","2":"type-product","3":"status-publish","4":"has-post-thumbnail","6":"product_cat-20th-century","7":"product_cat-prints","8":"product_cat-french-school","10":"first","11":"instock","12":"shipping-taxable","13":"purchasable","14":"product-type-simple"},"acf":[],"_links":{"self":[{"href":"https:\/\/galerie-seydoux.fr\/en\/wp-json\/wp\/v2\/product\/22266","targetHints":{"allow":["GET"]}}],"collection":[{"href":"https:\/\/galerie-seydoux.fr\/en\/wp-json\/wp\/v2\/product"}],"about":[{"href":"https:\/\/galerie-seydoux.fr\/en\/wp-json\/wp\/v2\/types\/product"}],"wp:featuredmedia":[{"embeddable":true,"href":"https:\/\/galerie-seydoux.fr\/en\/wp-json\/wp\/v2\/media\/22016"}],"wp:attachment":[{"href":"https:\/\/galerie-seydoux.fr\/en\/wp-json\/wp\/v2\/media?parent=22266"}],"wp:term":[{"taxonomy":"product_brand","embeddable":true,"href":"https:\/\/galerie-seydoux.fr\/en\/wp-json\/wp\/v2\/product_brand?post=22266"},{"taxonomy":"product_cat","embeddable":true,"href":"https:\/\/galerie-seydoux.fr\/en\/wp-json\/wp\/v2\/product_cat?post=22266"},{"taxonomy":"product_tag","embeddable":true,"href":"https:\/\/galerie-seydoux.fr\/en\/wp-json\/wp\/v2\/product_tag?post=22266"},{"taxonomy":"pa_product_author","embeddable":true,"href":"https:\/\/galerie-seydoux.fr\/en\/wp-json\/wp\/v2\/pa_product_author?post=22266"}],"curies":[{"name":"wp","href":"https:\/\/api.w.org\/{rel}","templated":true}]}}