{"id":22263,"date":"2025-02-04T14:00:02","date_gmt":"2025-02-04T13:00:02","guid":{"rendered":"https:\/\/galerie-seydoux.fr\/?post_type=product&#038;p=22263"},"modified":"2025-04-02T16:56:32","modified_gmt":"2025-04-02T14:56:32","slug":"joseph-hecht-zoo-londres-1938-1939","status":"publish","type":"product","link":"https:\/\/galerie-seydoux.fr\/en\/collections\/joseph-hecht-zoo-londres-1938-1939\/","title":{"rendered":"Joseph HECHT &#8211; Zoo &#8211; Londres, 1938-1939"},"content":{"rendered":"<p>Plumart et Trumeau-Rydelynck n\u00b0306. Belle \u00e9preuve d&#8217;\u00e9tat sur verg\u00e9, largement compl\u00e9t\u00e9e au crayon noir, annot\u00e9e et sign\u00e9e. Oxydation surtout visible au verso; taches marginales et au verso. Bonnes marges. Rare. Notre \u00e9preuve largement reprise par l&#8217;artiste anticipe l&#8217;\u00e9tat final, qui fera partie d&#8217;une suite de douze illustrant l&#8217;album &#8220;Londres&#8221;.<\/p>\n","protected":false},"excerpt":{"rendered":"<p>Plumart et Trumeau-Rydelynck n\u00b0306. Belle \u00e9preuve d&#8217;\u00e9tat sur verg\u00e9, largement compl\u00e9t\u00e9e au crayon noir, annot\u00e9e et sign\u00e9e. Oxydation surtout visible au verso; taches marginales et au verso. Bonnes marges. Rare. Notre \u00e9preuve largement reprise par l&#8217;artiste anticipe l&#8217;\u00e9tat final, qui fera partie d&#8217;une suite de douze illustrant l&#8217;album &#8220;Londres&#8221;.<\/p>\n","protected":false},"featured_media":21999,"template":"","meta":{"_acf_changed":false,"_et_pb_use_builder":"","_et_pb_old_content":"","_et_gb_content_width":"","inline_featured_image":false},"product_brand":[],"product_cat":[3679,3672,3674],"product_tag":[],"pa_product_author":[],"class_list":{"0":"post-22263","1":"product","2":"type-product","3":"status-publish","4":"has-post-thumbnail","6":"product_cat-20th-century","7":"product_cat-prints","8":"product_cat-french-school","10":"first","11":"outofstock","12":"shipping-taxable","13":"product-type-simple"},"acf":[],"_links":{"self":[{"href":"https:\/\/galerie-seydoux.fr\/en\/wp-json\/wp\/v2\/product\/22263","targetHints":{"allow":["GET"]}}],"collection":[{"href":"https:\/\/galerie-seydoux.fr\/en\/wp-json\/wp\/v2\/product"}],"about":[{"href":"https:\/\/galerie-seydoux.fr\/en\/wp-json\/wp\/v2\/types\/product"}],"wp:featuredmedia":[{"embeddable":true,"href":"https:\/\/galerie-seydoux.fr\/en\/wp-json\/wp\/v2\/media\/21999"}],"wp:attachment":[{"href":"https:\/\/galerie-seydoux.fr\/en\/wp-json\/wp\/v2\/media?parent=22263"}],"wp:term":[{"taxonomy":"product_brand","embeddable":true,"href":"https:\/\/galerie-seydoux.fr\/en\/wp-json\/wp\/v2\/product_brand?post=22263"},{"taxonomy":"product_cat","embeddable":true,"href":"https:\/\/galerie-seydoux.fr\/en\/wp-json\/wp\/v2\/product_cat?post=22263"},{"taxonomy":"product_tag","embeddable":true,"href":"https:\/\/galerie-seydoux.fr\/en\/wp-json\/wp\/v2\/product_tag?post=22263"},{"taxonomy":"pa_product_author","embeddable":true,"href":"https:\/\/galerie-seydoux.fr\/en\/wp-json\/wp\/v2\/pa_product_author?post=22263"}],"curies":[{"name":"wp","href":"https:\/\/api.w.org\/{rel}","templated":true}]}}