{"id":22260,"date":"2025-02-04T14:00:31","date_gmt":"2025-02-04T13:00:31","guid":{"rendered":"https:\/\/galerie-seydoux.fr\/?post_type=product&#038;p=22260"},"modified":"2025-03-20T15:21:24","modified_gmt":"2025-03-20T14:21:24","slug":"raoul-du-gardier-faune-assis-sous-un-pommier","status":"publish","type":"product","link":"https:\/\/galerie-seydoux.fr\/en\/collections\/raoul-du-gardier-faune-assis-sous-un-pommier\/","title":{"rendered":"Raoul du GARDIER &#8211; (Faune assis sous un pommier)"},"content":{"rendered":"<p>Belle \u00e9preuve sur verg\u00e9, justifi\u00e9e et sign\u00e9e au crayon bleu. Manques marginaux; quelques l\u00e9g\u00e8res traces de plis. Petites marges.<\/p>\n","protected":false},"excerpt":{"rendered":"<p>Belle \u00e9preuve sur verg\u00e9, justifi\u00e9e et sign\u00e9e au crayon bleu. Manques marginaux; quelques l\u00e9g\u00e8res traces de plis. Petites marges.<\/p>\n","protected":false},"featured_media":22013,"template":"","meta":{"_acf_changed":false,"_et_pb_use_builder":"","_et_pb_old_content":"","_et_gb_content_width":"","inline_featured_image":false},"product_brand":[],"product_cat":[3679,3672,3674],"product_tag":[],"pa_product_author":[],"class_list":{"0":"post-22260","1":"product","2":"type-product","3":"status-publish","4":"has-post-thumbnail","6":"product_cat-20th-century","7":"product_cat-prints","8":"product_cat-french-school","10":"first","11":"instock","12":"shipping-taxable","13":"purchasable","14":"product-type-simple"},"acf":[],"_links":{"self":[{"href":"https:\/\/galerie-seydoux.fr\/en\/wp-json\/wp\/v2\/product\/22260","targetHints":{"allow":["GET"]}}],"collection":[{"href":"https:\/\/galerie-seydoux.fr\/en\/wp-json\/wp\/v2\/product"}],"about":[{"href":"https:\/\/galerie-seydoux.fr\/en\/wp-json\/wp\/v2\/types\/product"}],"wp:featuredmedia":[{"embeddable":true,"href":"https:\/\/galerie-seydoux.fr\/en\/wp-json\/wp\/v2\/media\/22013"}],"wp:attachment":[{"href":"https:\/\/galerie-seydoux.fr\/en\/wp-json\/wp\/v2\/media?parent=22260"}],"wp:term":[{"taxonomy":"product_brand","embeddable":true,"href":"https:\/\/galerie-seydoux.fr\/en\/wp-json\/wp\/v2\/product_brand?post=22260"},{"taxonomy":"product_cat","embeddable":true,"href":"https:\/\/galerie-seydoux.fr\/en\/wp-json\/wp\/v2\/product_cat?post=22260"},{"taxonomy":"product_tag","embeddable":true,"href":"https:\/\/galerie-seydoux.fr\/en\/wp-json\/wp\/v2\/product_tag?post=22260"},{"taxonomy":"pa_product_author","embeddable":true,"href":"https:\/\/galerie-seydoux.fr\/en\/wp-json\/wp\/v2\/pa_product_author?post=22260"}],"curies":[{"name":"wp","href":"https:\/\/api.w.org\/{rel}","templated":true}]}}