{"id":22259,"date":"2025-02-04T14:00:47","date_gmt":"2025-02-04T13:00:47","guid":{"rendered":"https:\/\/galerie-seydoux.fr\/?post_type=product&#038;p=22259"},"modified":"2025-03-20T15:15:38","modified_gmt":"2025-03-20T14:15:38","slug":"bernard-naudin-lexecution-ou-le-fusille-ca-1903","status":"publish","type":"product","link":"https:\/\/galerie-seydoux.fr\/en\/collections\/bernard-naudin-lexecution-ou-le-fusille-ca-1903\/","title":{"rendered":"Bernard NAUDIN &#8211; L&#8217;\u00c9x\u00e9cution ou le Fusill\u00e9, ca 1903"},"content":{"rendered":"<p>Poncetton n\u00b04. Belle \u00e9preuve sign\u00e9e. Dessin sign\u00e9 et titr\u00e9. Rousseurs marginales prononc\u00e9es \u00e0 la gravure; petite d\u00e9chirure en t\u00eate au dessin et empoussi\u00e9rage. Oeuvre puissante de Bernard Naudin, dans la lign\u00e9e de Goya. Rare.<\/p>\n","protected":false},"excerpt":{"rendered":"<p>Poncetton n\u00b04. Belle \u00e9preuve sign\u00e9e. Dessin sign\u00e9 et titr\u00e9. Rousseurs marginales prononc\u00e9es \u00e0 la gravure; petite d\u00e9chirure en t\u00eate au dessin et empoussi\u00e9rage. Oeuvre puissante de Bernard Naudin, dans la lign\u00e9e de Goya. Rare.<\/p>\n","protected":false},"featured_media":22197,"template":"","meta":{"_acf_changed":false,"_et_pb_use_builder":"","_et_pb_old_content":"","_et_gb_content_width":"","inline_featured_image":false},"product_brand":[],"product_cat":[3679,3672,3681,3674],"product_tag":[],"pa_product_author":[],"class_list":{"0":"post-22259","1":"product","2":"type-product","3":"status-publish","4":"has-post-thumbnail","6":"product_cat-20th-century","7":"product_cat-prints","8":"product_cat-drawings-en","9":"product_cat-french-school","11":"first","12":"instock","13":"shipping-taxable","14":"purchasable","15":"product-type-simple"},"acf":[],"_links":{"self":[{"href":"https:\/\/galerie-seydoux.fr\/en\/wp-json\/wp\/v2\/product\/22259","targetHints":{"allow":["GET"]}}],"collection":[{"href":"https:\/\/galerie-seydoux.fr\/en\/wp-json\/wp\/v2\/product"}],"about":[{"href":"https:\/\/galerie-seydoux.fr\/en\/wp-json\/wp\/v2\/types\/product"}],"wp:featuredmedia":[{"embeddable":true,"href":"https:\/\/galerie-seydoux.fr\/en\/wp-json\/wp\/v2\/media\/22197"}],"wp:attachment":[{"href":"https:\/\/galerie-seydoux.fr\/en\/wp-json\/wp\/v2\/media?parent=22259"}],"wp:term":[{"taxonomy":"product_brand","embeddable":true,"href":"https:\/\/galerie-seydoux.fr\/en\/wp-json\/wp\/v2\/product_brand?post=22259"},{"taxonomy":"product_cat","embeddable":true,"href":"https:\/\/galerie-seydoux.fr\/en\/wp-json\/wp\/v2\/product_cat?post=22259"},{"taxonomy":"product_tag","embeddable":true,"href":"https:\/\/galerie-seydoux.fr\/en\/wp-json\/wp\/v2\/product_tag?post=22259"},{"taxonomy":"pa_product_author","embeddable":true,"href":"https:\/\/galerie-seydoux.fr\/en\/wp-json\/wp\/v2\/pa_product_author?post=22259"}],"curies":[{"name":"wp","href":"https:\/\/api.w.org\/{rel}","templated":true}]}}