{"id":22253,"date":"2025-02-04T14:00:08","date_gmt":"2025-02-04T13:00:08","guid":{"rendered":"https:\/\/galerie-seydoux.fr\/?post_type=product&#038;p=22253"},"modified":"2025-05-22T17:50:48","modified_gmt":"2025-05-22T15:50:48","slug":"mily-possoz-coucher-de-soleil-a-cintra-ca-1925","status":"publish","type":"product","link":"https:\/\/galerie-seydoux.fr\/en\/collections\/mily-possoz-coucher-de-soleil-a-cintra-ca-1925\/","title":{"rendered":"Mily POSSOZ &#8211; Coucher de soleil \u00e0 Cintra, ca 1925"},"content":{"rendered":"<p>Parfaite \u00e9preuve sur v\u00e9lin fort, sign\u00e9e et annot\u00e9e &#8220;\u00e9preuve d&#8217;artiste&#8221;. Timbre sec de l&#8217;\u00e9diteur M. Guiot.<\/p>\n","protected":false},"excerpt":{"rendered":"<p>Parfaite \u00e9preuve sur v\u00e9lin fort, sign\u00e9e et annot\u00e9e &#8220;\u00e9preuve d&#8217;artiste&#8221;. Timbre sec de l&#8217;\u00e9diteur M. Guiot.<\/p>\n","protected":false},"featured_media":22146,"template":"","meta":{"_acf_changed":false,"_et_pb_use_builder":"","_et_pb_old_content":"","_et_gb_content_width":"","inline_featured_image":false},"product_brand":[],"product_cat":[3679,3672,3671],"product_tag":[],"pa_product_author":[],"class_list":{"0":"post-22253","1":"product","2":"type-product","3":"status-publish","4":"has-post-thumbnail","6":"product_cat-20th-century","7":"product_cat-prints","8":"product_cat-other-schools","10":"first","11":"outofstock","12":"shipping-taxable","13":"product-type-simple"},"acf":[],"_links":{"self":[{"href":"https:\/\/galerie-seydoux.fr\/en\/wp-json\/wp\/v2\/product\/22253","targetHints":{"allow":["GET"]}}],"collection":[{"href":"https:\/\/galerie-seydoux.fr\/en\/wp-json\/wp\/v2\/product"}],"about":[{"href":"https:\/\/galerie-seydoux.fr\/en\/wp-json\/wp\/v2\/types\/product"}],"wp:featuredmedia":[{"embeddable":true,"href":"https:\/\/galerie-seydoux.fr\/en\/wp-json\/wp\/v2\/media\/22146"}],"wp:attachment":[{"href":"https:\/\/galerie-seydoux.fr\/en\/wp-json\/wp\/v2\/media?parent=22253"}],"wp:term":[{"taxonomy":"product_brand","embeddable":true,"href":"https:\/\/galerie-seydoux.fr\/en\/wp-json\/wp\/v2\/product_brand?post=22253"},{"taxonomy":"product_cat","embeddable":true,"href":"https:\/\/galerie-seydoux.fr\/en\/wp-json\/wp\/v2\/product_cat?post=22253"},{"taxonomy":"product_tag","embeddable":true,"href":"https:\/\/galerie-seydoux.fr\/en\/wp-json\/wp\/v2\/product_tag?post=22253"},{"taxonomy":"pa_product_author","embeddable":true,"href":"https:\/\/galerie-seydoux.fr\/en\/wp-json\/wp\/v2\/pa_product_author?post=22253"}],"curies":[{"name":"wp","href":"https:\/\/api.w.org\/{rel}","templated":true}]}}