{"id":22252,"date":"2025-02-04T14:00:50","date_gmt":"2025-02-04T13:00:50","guid":{"rendered":"https:\/\/galerie-seydoux.fr\/?post_type=product&#038;p=22252"},"modified":"2025-07-10T17:24:47","modified_gmt":"2025-07-10T15:24:47","slug":"rembrandt-harmensz-van-rijn-lieven-willemsz-van-coppenol-ca-1658","status":"publish","type":"product","link":"https:\/\/galerie-seydoux.fr\/en\/collections\/rembrandt-harmensz-van-rijn-lieven-willemsz-van-coppenol-ca-1658\/","title":{"rendered":"REMBRANDT Harmensz van Rijn &#8211; Lieven Willemsz van Coppenol, ca 1658"},"content":{"rendered":"<p>New Hollstein nr 306 (VIII\/IX). Good impression on laid paper, of 8th state (of 9), before the last works. Some very short marginal tears; some creases mostly at top; rests of papier de montage and a tiny surface en encr\u00e9e au dessus de la t\u00eate. Thread margins. Edition of midle of XVIIIth century. A la plume et encre brune dans la marge, d&#8217;une \u00e9criture ancienne, &#8220;original du grand Coppenol par Rembrandt dont la planche a \u00e9t\u00e9 coup\u00e9e pour ne pas rendre les 1\u00e8res \u00e9preuves moins ch\u00e8res. Watermark : &#8220;Auvergne&#8221;.<\/p>\n","protected":false},"excerpt":{"rendered":"<p>New Hollstein nr 306 (VIII\/IX). Good impression on laid paper, of 8th state (of 9), before the last works. Some very short marginal tears; some creases mostly at top; rests of papier de montage and a tiny surface en encr\u00e9e au dessus de la t\u00eate. Thread margins. Edition of midle of XVIIIth century. A la [&hellip;]<\/p>\n","protected":false},"featured_media":22027,"template":"","meta":{"_acf_changed":false,"_et_pb_use_builder":"","_et_pb_old_content":"","_et_gb_content_width":"","inline_featured_image":false},"product_brand":[],"product_cat":[3676,3672,3678],"product_tag":[],"pa_product_author":[1694],"class_list":{"0":"post-22252","1":"product","2":"type-product","3":"status-publish","4":"has-post-thumbnail","6":"product_cat-17th-century","7":"product_cat-prints","8":"product_cat-northern-school","9":"pa_product_author-rembrandt-harmensz-van-rijn-en","11":"first","12":"instock","13":"shipping-taxable","14":"purchasable","15":"product-type-simple"},"acf":[],"_links":{"self":[{"href":"https:\/\/galerie-seydoux.fr\/en\/wp-json\/wp\/v2\/product\/22252","targetHints":{"allow":["GET"]}}],"collection":[{"href":"https:\/\/galerie-seydoux.fr\/en\/wp-json\/wp\/v2\/product"}],"about":[{"href":"https:\/\/galerie-seydoux.fr\/en\/wp-json\/wp\/v2\/types\/product"}],"wp:featuredmedia":[{"embeddable":true,"href":"https:\/\/galerie-seydoux.fr\/en\/wp-json\/wp\/v2\/media\/22027"}],"wp:attachment":[{"href":"https:\/\/galerie-seydoux.fr\/en\/wp-json\/wp\/v2\/media?parent=22252"}],"wp:term":[{"taxonomy":"product_brand","embeddable":true,"href":"https:\/\/galerie-seydoux.fr\/en\/wp-json\/wp\/v2\/product_brand?post=22252"},{"taxonomy":"product_cat","embeddable":true,"href":"https:\/\/galerie-seydoux.fr\/en\/wp-json\/wp\/v2\/product_cat?post=22252"},{"taxonomy":"product_tag","embeddable":true,"href":"https:\/\/galerie-seydoux.fr\/en\/wp-json\/wp\/v2\/product_tag?post=22252"},{"taxonomy":"pa_product_author","embeddable":true,"href":"https:\/\/galerie-seydoux.fr\/en\/wp-json\/wp\/v2\/pa_product_author?post=22252"}],"curies":[{"name":"wp","href":"https:\/\/api.w.org\/{rel}","templated":true}]}}