{"id":22251,"date":"2025-02-04T14:00:15","date_gmt":"2025-02-04T13:00:15","guid":{"rendered":"https:\/\/galerie-seydoux.fr\/?post_type=product&#038;p=22251"},"modified":"2025-04-02T16:17:10","modified_gmt":"2025-04-02T14:17:10","slug":"jean-charles-francois-lamour-du-dessein-ou-cours-de-dessein-dans-le-gout-du-crayon-1757","status":"publish","type":"product","link":"https:\/\/galerie-seydoux.fr\/en\/collections\/jean-charles-francois-lamour-du-dessein-ou-cours-de-dessein-dans-le-gout-du-crayon-1757\/","title":{"rendered":"Jean Charles FRAN\u00c7OIS &#8211; L&#8217;Amour du Dessein ou Cours de dessein dans le go\u00fbt du Crayon, 1757"},"content":{"rendered":"<p>Herold n\u00b04 (II\/II). Deux belles \u00e9preuves, l&#8217;une avec l&#8217;avertissement ici manuscrit, du 2e \u00e9tat (sur 2), avec les modifications dans la lettre, imprim\u00e9e en noir (1er tirage) et en bistre. Quelques d\u00e9chirures et traces de plis \u00e0 l&#8217;une; quelques taches. Sans marges ou petites marges. Planche de titre du &#8220;Premier cahier&#8221; de six pi\u00e8ces d&#8217;apr\u00e8s Eisen. Ex collection J. Herold (sans marque).<\/p>\n","protected":false},"excerpt":{"rendered":"<p>Herold n\u00b04 (II\/II). Deux belles \u00e9preuves, l&#8217;une avec l&#8217;avertissement ici manuscrit, du 2e \u00e9tat (sur 2), avec les modifications dans la lettre, imprim\u00e9e en noir (1er tirage) et en bistre. Quelques d\u00e9chirures et traces de plis \u00e0 l&#8217;une; quelques taches. Sans marges ou petites marges. Planche de titre du &#8220;Premier cahier&#8221; de six pi\u00e8ces d&#8217;apr\u00e8s [&hellip;]<\/p>\n","protected":false},"featured_media":22033,"template":"","meta":{"_acf_changed":false,"_et_pb_use_builder":"","_et_pb_old_content":"","_et_gb_content_width":"","inline_featured_image":false},"product_brand":[],"product_cat":[3673,3672,3674],"product_tag":[],"pa_product_author":[],"class_list":{"0":"post-22251","1":"product","2":"type-product","3":"status-publish","4":"has-post-thumbnail","6":"product_cat-18th-century","7":"product_cat-prints","8":"product_cat-french-school","10":"first","11":"outofstock","12":"shipping-taxable","13":"product-type-simple"},"acf":[],"_links":{"self":[{"href":"https:\/\/galerie-seydoux.fr\/en\/wp-json\/wp\/v2\/product\/22251","targetHints":{"allow":["GET"]}}],"collection":[{"href":"https:\/\/galerie-seydoux.fr\/en\/wp-json\/wp\/v2\/product"}],"about":[{"href":"https:\/\/galerie-seydoux.fr\/en\/wp-json\/wp\/v2\/types\/product"}],"wp:featuredmedia":[{"embeddable":true,"href":"https:\/\/galerie-seydoux.fr\/en\/wp-json\/wp\/v2\/media\/22033"}],"wp:attachment":[{"href":"https:\/\/galerie-seydoux.fr\/en\/wp-json\/wp\/v2\/media?parent=22251"}],"wp:term":[{"taxonomy":"product_brand","embeddable":true,"href":"https:\/\/galerie-seydoux.fr\/en\/wp-json\/wp\/v2\/product_brand?post=22251"},{"taxonomy":"product_cat","embeddable":true,"href":"https:\/\/galerie-seydoux.fr\/en\/wp-json\/wp\/v2\/product_cat?post=22251"},{"taxonomy":"product_tag","embeddable":true,"href":"https:\/\/galerie-seydoux.fr\/en\/wp-json\/wp\/v2\/product_tag?post=22251"},{"taxonomy":"pa_product_author","embeddable":true,"href":"https:\/\/galerie-seydoux.fr\/en\/wp-json\/wp\/v2\/pa_product_author?post=22251"}],"curies":[{"name":"wp","href":"https:\/\/api.w.org\/{rel}","templated":true}]}}