{"id":22250,"date":"2025-02-04T14:00:02","date_gmt":"2025-02-04T13:00:02","guid":{"rendered":"https:\/\/galerie-seydoux.fr\/?post_type=product&#038;p=22250"},"modified":"2025-03-20T15:38:50","modified_gmt":"2025-03-20T14:38:50","slug":"maurice-seghers-a-maree-basse-ca-1910","status":"publish","type":"product","link":"https:\/\/galerie-seydoux.fr\/en\/collections\/maurice-seghers-a-maree-basse-ca-1910\/","title":{"rendered":"Maurice SEGHERS &#8211; \u00c0 mar\u00e9e basse, ca 1910"},"content":{"rendered":"<p>Tr\u00e8s belle \u00e9preuve sur verg\u00e9. Belles marges. Timbre sec de la &#8220;Soci\u00e9t\u00e9 des Aquafortistes Belges&#8221;.<\/p>\n","protected":false},"excerpt":{"rendered":"<p>Tr\u00e8s belle \u00e9preuve sur verg\u00e9. Belles marges. Timbre sec de la &#8220;Soci\u00e9t\u00e9 des Aquafortistes Belges&#8221;.<\/p>\n","protected":false},"featured_media":22044,"template":"","meta":{"_acf_changed":false,"_et_pb_use_builder":"","_et_pb_old_content":"","_et_gb_content_width":"","inline_featured_image":false},"product_brand":[],"product_cat":[3679,3672,3678],"product_tag":[],"pa_product_author":[],"class_list":{"0":"post-22250","1":"product","2":"type-product","3":"status-publish","4":"has-post-thumbnail","6":"product_cat-20th-century","7":"product_cat-prints","8":"product_cat-northern-school","10":"first","11":"instock","12":"shipping-taxable","13":"purchasable","14":"product-type-simple"},"acf":[],"_links":{"self":[{"href":"https:\/\/galerie-seydoux.fr\/en\/wp-json\/wp\/v2\/product\/22250","targetHints":{"allow":["GET"]}}],"collection":[{"href":"https:\/\/galerie-seydoux.fr\/en\/wp-json\/wp\/v2\/product"}],"about":[{"href":"https:\/\/galerie-seydoux.fr\/en\/wp-json\/wp\/v2\/types\/product"}],"wp:featuredmedia":[{"embeddable":true,"href":"https:\/\/galerie-seydoux.fr\/en\/wp-json\/wp\/v2\/media\/22044"}],"wp:attachment":[{"href":"https:\/\/galerie-seydoux.fr\/en\/wp-json\/wp\/v2\/media?parent=22250"}],"wp:term":[{"taxonomy":"product_brand","embeddable":true,"href":"https:\/\/galerie-seydoux.fr\/en\/wp-json\/wp\/v2\/product_brand?post=22250"},{"taxonomy":"product_cat","embeddable":true,"href":"https:\/\/galerie-seydoux.fr\/en\/wp-json\/wp\/v2\/product_cat?post=22250"},{"taxonomy":"product_tag","embeddable":true,"href":"https:\/\/galerie-seydoux.fr\/en\/wp-json\/wp\/v2\/product_tag?post=22250"},{"taxonomy":"pa_product_author","embeddable":true,"href":"https:\/\/galerie-seydoux.fr\/en\/wp-json\/wp\/v2\/pa_product_author?post=22250"}],"curies":[{"name":"wp","href":"https:\/\/api.w.org\/{rel}","templated":true}]}}