{"id":22248,"date":"2025-02-04T14:00:42","date_gmt":"2025-02-04T13:00:42","guid":{"rendered":"https:\/\/galerie-seydoux.fr\/?post_type=product&#038;p=22248"},"modified":"2025-12-02T15:02:43","modified_gmt":"2025-12-02T14:02:43","slug":"john-baptist-jackson-le-miracle-de-saint-marc-ca-1740","status":"publish","type":"product","link":"https:\/\/galerie-seydoux.fr\/en\/collections\/john-baptist-jackson-le-miracle-de-saint-marc-ca-1740\/","title":{"rendered":"John Baptist JACKSON &#8211; Le Miracle de Saint Marc, ca 1740"},"content":{"rendered":"<p>Cf J. Kainen n\u00b023. Tr\u00e8s belle \u00e9preuve. Trace de pli horizontal m\u00e9dian prononc\u00e9; trois petites d\u00e9chirures marginales et minuscules rousseurs. Petites marges. Planches provenant probablement du volume reli\u00e9 des oeuvres de Jackson, &#8220;Opera selectiora&#8230;&#8221;, 1745.<\/p>\n","protected":false},"excerpt":{"rendered":"<p>Cf J. Kainen n\u00b023. Tr\u00e8s belle \u00e9preuve. Trace de pli horizontal m\u00e9dian prononc\u00e9; trois petites d\u00e9chirures marginales et minuscules rousseurs. Petites marges. Planches provenant probablement du volume reli\u00e9 des oeuvres de Jackson, &#8220;Opera selectiora&#8230;&#8221;, 1745.<\/p>\n","protected":false},"featured_media":22183,"template":"","meta":{"_acf_changed":false,"_et_pb_use_builder":"","_et_pb_old_content":"","_et_gb_content_width":"","inline_featured_image":false},"product_brand":[],"product_cat":[3673,3672],"product_tag":[],"pa_product_author":[],"class_list":{"0":"post-22248","1":"product","2":"type-product","3":"status-publish","4":"has-post-thumbnail","6":"product_cat-18th-century","7":"product_cat-prints","9":"first","10":"outofstock","11":"shipping-taxable","12":"product-type-simple"},"acf":[],"_links":{"self":[{"href":"https:\/\/galerie-seydoux.fr\/en\/wp-json\/wp\/v2\/product\/22248","targetHints":{"allow":["GET"]}}],"collection":[{"href":"https:\/\/galerie-seydoux.fr\/en\/wp-json\/wp\/v2\/product"}],"about":[{"href":"https:\/\/galerie-seydoux.fr\/en\/wp-json\/wp\/v2\/types\/product"}],"wp:featuredmedia":[{"embeddable":true,"href":"https:\/\/galerie-seydoux.fr\/en\/wp-json\/wp\/v2\/media\/22183"}],"wp:attachment":[{"href":"https:\/\/galerie-seydoux.fr\/en\/wp-json\/wp\/v2\/media?parent=22248"}],"wp:term":[{"taxonomy":"product_brand","embeddable":true,"href":"https:\/\/galerie-seydoux.fr\/en\/wp-json\/wp\/v2\/product_brand?post=22248"},{"taxonomy":"product_cat","embeddable":true,"href":"https:\/\/galerie-seydoux.fr\/en\/wp-json\/wp\/v2\/product_cat?post=22248"},{"taxonomy":"product_tag","embeddable":true,"href":"https:\/\/galerie-seydoux.fr\/en\/wp-json\/wp\/v2\/product_tag?post=22248"},{"taxonomy":"pa_product_author","embeddable":true,"href":"https:\/\/galerie-seydoux.fr\/en\/wp-json\/wp\/v2\/pa_product_author?post=22248"}],"curies":[{"name":"wp","href":"https:\/\/api.w.org\/{rel}","templated":true}]}}