{"id":22244,"date":"2025-02-04T14:00:17","date_gmt":"2025-02-04T13:00:17","guid":{"rendered":"https:\/\/galerie-seydoux.fr\/?post_type=product&#038;p=22244"},"modified":"2025-07-10T17:47:49","modified_gmt":"2025-07-10T15:47:49","slug":"ecole-francaise-de-la-fin-du-xviiie-siecle-louis-xvi-et-marie-antoinette-dans-un-entourage-de-roses-feuillages-et-rubans-ca-1781","status":"publish","type":"product","link":"https:\/\/galerie-seydoux.fr\/en\/collections\/ecole-francaise-de-la-fin-du-xviiie-siecle-louis-xvi-et-marie-antoinette-dans-un-entourage-de-roses-feuillages-et-rubans-ca-1781\/","title":{"rendered":"French school of the end of XVIIIth century &#8211; (Louis XVI and Marie-Antoinette dans un entourage de roses, feuillages et rubans), ca 1781"},"content":{"rendered":"<p>I.F.F. unndescribed. The portraits would be engraving by Bonvallet and the decor by Janinet. Very good and very rare impression on silk, probably trimmed \u00e0 l&#8217;int\u00e9rieur de la marque du cuivre, printed in colors and gold. Slightly insol\u00e9e (?), frottement de la soie en bas \u00e0 droite; insertet dans un sous-verre (non examin\u00e9 hors de celui-ci). Very rare. Only a few impressions of this estampe sont conserv\u00e9es. We found trace of two other impressions pass\u00e9es par le march\u00e9 de l&#8217;art (H\u00f4tel Drouot 25 novembre 1955, nr 152 and catalogue Shab Gallery, s.d, nr 62). Several artists ont collabor\u00e9 pour l&#8217;ex\u00e9cution de cette gravure. This estampe would have served to decorate an allegorical case for the birth of Dauphin imagined by Gautier-Dagoty and Pillement. This estampe formed the top of this box.<\/p>\n","protected":false},"excerpt":{"rendered":"<p>I.F.F. unndescribed. The portraits would be engraving by Bonvallet and the decor by Janinet. Very good and very rare impression on silk, probably trimmed \u00e0 l&#8217;int\u00e9rieur de la marque du cuivre, printed in colors and gold. Slightly insol\u00e9e (?), frottement de la soie en bas \u00e0 droite; insertet dans un sous-verre (non examin\u00e9 hors de [&hellip;]<\/p>\n","protected":false},"featured_media":22191,"template":"","meta":{"_acf_changed":false,"_et_pb_use_builder":"","_et_pb_old_content":"","_et_gb_content_width":"","inline_featured_image":false},"product_brand":[],"product_cat":[3673,3672,3674],"product_tag":[],"pa_product_author":[],"class_list":{"0":"post-22244","1":"product","2":"type-product","3":"status-publish","4":"has-post-thumbnail","6":"product_cat-18th-century","7":"product_cat-prints","8":"product_cat-french-school","10":"first","11":"instock","12":"shipping-taxable","13":"purchasable","14":"product-type-simple"},"acf":[],"_links":{"self":[{"href":"https:\/\/galerie-seydoux.fr\/en\/wp-json\/wp\/v2\/product\/22244","targetHints":{"allow":["GET"]}}],"collection":[{"href":"https:\/\/galerie-seydoux.fr\/en\/wp-json\/wp\/v2\/product"}],"about":[{"href":"https:\/\/galerie-seydoux.fr\/en\/wp-json\/wp\/v2\/types\/product"}],"wp:featuredmedia":[{"embeddable":true,"href":"https:\/\/galerie-seydoux.fr\/en\/wp-json\/wp\/v2\/media\/22191"}],"wp:attachment":[{"href":"https:\/\/galerie-seydoux.fr\/en\/wp-json\/wp\/v2\/media?parent=22244"}],"wp:term":[{"taxonomy":"product_brand","embeddable":true,"href":"https:\/\/galerie-seydoux.fr\/en\/wp-json\/wp\/v2\/product_brand?post=22244"},{"taxonomy":"product_cat","embeddable":true,"href":"https:\/\/galerie-seydoux.fr\/en\/wp-json\/wp\/v2\/product_cat?post=22244"},{"taxonomy":"product_tag","embeddable":true,"href":"https:\/\/galerie-seydoux.fr\/en\/wp-json\/wp\/v2\/product_tag?post=22244"},{"taxonomy":"pa_product_author","embeddable":true,"href":"https:\/\/galerie-seydoux.fr\/en\/wp-json\/wp\/v2\/pa_product_author?post=22244"}],"curies":[{"name":"wp","href":"https:\/\/api.w.org\/{rel}","templated":true}]}}