{"id":22243,"date":"2025-02-04T14:00:38","date_gmt":"2025-02-04T13:00:38","guid":{"rendered":"https:\/\/galerie-seydoux.fr\/?post_type=product&#038;p=22243"},"modified":"2025-03-20T15:19:35","modified_gmt":"2025-03-20T14:19:35","slug":"attribue-a-auguste-brouet-famille-sous-un-pont-ca-1890","status":"publish","type":"product","link":"https:\/\/galerie-seydoux.fr\/en\/collections\/attribue-a-auguste-brouet-famille-sous-un-pont-ca-1890\/","title":{"rendered":"attribu\u00e9 \u00e0 Auguste BROUET &#8211; (Famille sous un pont), ca 1890"},"content":{"rendered":"<p>Tr\u00e8s belle \u00e9preuve sur verg\u00e9 annot\u00e9e en pied &#8220;premi\u00e8re planche de Brouet&#8221;. Quelques l\u00e9g\u00e8res rousseurs visibles au verso. Petites marges. Rare. Cette estampe ne semble ni d\u00e9crite par Boutitie ni par E. Barthel. Nous pr\u00e9f\u00e9rons l&#8217;attribuer seulement \u00e0 l&#8217;artiste bien qu&#8217;elle soit fort probablement de lui.<\/p>\n","protected":false},"excerpt":{"rendered":"<p>Tr\u00e8s belle \u00e9preuve sur verg\u00e9 annot\u00e9e en pied &#8220;premi\u00e8re planche de Brouet&#8221;. Quelques l\u00e9g\u00e8res rousseurs visibles au verso. Petites marges. Rare. Cette estampe ne semble ni d\u00e9crite par Boutitie ni par E. Barthel. Nous pr\u00e9f\u00e9rons l&#8217;attribuer seulement \u00e0 l&#8217;artiste bien qu&#8217;elle soit fort probablement de lui.<\/p>\n","protected":false},"featured_media":22073,"template":"","meta":{"_acf_changed":false,"_et_pb_use_builder":"","_et_pb_old_content":"","_et_gb_content_width":"","inline_featured_image":false},"product_brand":[],"product_cat":[3680,3672,3674],"product_tag":[],"pa_product_author":[],"class_list":{"0":"post-22243","1":"product","2":"type-product","3":"status-publish","4":"has-post-thumbnail","6":"product_cat-19th-century","7":"product_cat-prints","8":"product_cat-french-school","10":"first","11":"outofstock","12":"shipping-taxable","13":"product-type-simple"},"acf":[],"_links":{"self":[{"href":"https:\/\/galerie-seydoux.fr\/en\/wp-json\/wp\/v2\/product\/22243","targetHints":{"allow":["GET"]}}],"collection":[{"href":"https:\/\/galerie-seydoux.fr\/en\/wp-json\/wp\/v2\/product"}],"about":[{"href":"https:\/\/galerie-seydoux.fr\/en\/wp-json\/wp\/v2\/types\/product"}],"wp:featuredmedia":[{"embeddable":true,"href":"https:\/\/galerie-seydoux.fr\/en\/wp-json\/wp\/v2\/media\/22073"}],"wp:attachment":[{"href":"https:\/\/galerie-seydoux.fr\/en\/wp-json\/wp\/v2\/media?parent=22243"}],"wp:term":[{"taxonomy":"product_brand","embeddable":true,"href":"https:\/\/galerie-seydoux.fr\/en\/wp-json\/wp\/v2\/product_brand?post=22243"},{"taxonomy":"product_cat","embeddable":true,"href":"https:\/\/galerie-seydoux.fr\/en\/wp-json\/wp\/v2\/product_cat?post=22243"},{"taxonomy":"product_tag","embeddable":true,"href":"https:\/\/galerie-seydoux.fr\/en\/wp-json\/wp\/v2\/product_tag?post=22243"},{"taxonomy":"pa_product_author","embeddable":true,"href":"https:\/\/galerie-seydoux.fr\/en\/wp-json\/wp\/v2\/pa_product_author?post=22243"}],"curies":[{"name":"wp","href":"https:\/\/api.w.org\/{rel}","templated":true}]}}