{"id":22242,"date":"2025-02-04T14:00:08","date_gmt":"2025-02-04T13:00:08","guid":{"rendered":"https:\/\/galerie-seydoux.fr\/?post_type=product&#038;p=22242"},"modified":"2025-03-20T15:35:06","modified_gmt":"2025-03-20T14:35:06","slug":"ecole-europeenne-visages-vus-de-face-sous-le-soleil-ca-1930","status":"publish","type":"product","link":"https:\/\/galerie-seydoux.fr\/en\/collections\/ecole-europeenne-visages-vus-de-face-sous-le-soleil-ca-1930\/","title":{"rendered":"\u00c9cole europ\u00e9enne &#8211; (Visages vus de face, sous le soleil), ca 1930"},"content":{"rendered":"<p>Tr\u00e8s belles \u00e9preuves sur v\u00e9lin fort, sign\u00e9es et justifi\u00e9es. Petites marges.<\/p>\n","protected":false},"excerpt":{"rendered":"<p>Tr\u00e8s belles \u00e9preuves sur v\u00e9lin fort, sign\u00e9es et justifi\u00e9es. Petites marges.<\/p>\n","protected":false},"featured_media":22136,"template":"","meta":{"_acf_changed":false,"_et_pb_use_builder":"","_et_pb_old_content":"","_et_gb_content_width":"","inline_featured_image":false},"product_brand":[],"product_cat":[3679,3672],"product_tag":[],"pa_product_author":[],"class_list":{"0":"post-22242","1":"product","2":"type-product","3":"status-publish","4":"has-post-thumbnail","6":"product_cat-20th-century","7":"product_cat-prints","9":"first","10":"instock","11":"shipping-taxable","12":"purchasable","13":"product-type-simple"},"acf":[],"_links":{"self":[{"href":"https:\/\/galerie-seydoux.fr\/en\/wp-json\/wp\/v2\/product\/22242","targetHints":{"allow":["GET"]}}],"collection":[{"href":"https:\/\/galerie-seydoux.fr\/en\/wp-json\/wp\/v2\/product"}],"about":[{"href":"https:\/\/galerie-seydoux.fr\/en\/wp-json\/wp\/v2\/types\/product"}],"wp:featuredmedia":[{"embeddable":true,"href":"https:\/\/galerie-seydoux.fr\/en\/wp-json\/wp\/v2\/media\/22136"}],"wp:attachment":[{"href":"https:\/\/galerie-seydoux.fr\/en\/wp-json\/wp\/v2\/media?parent=22242"}],"wp:term":[{"taxonomy":"product_brand","embeddable":true,"href":"https:\/\/galerie-seydoux.fr\/en\/wp-json\/wp\/v2\/product_brand?post=22242"},{"taxonomy":"product_cat","embeddable":true,"href":"https:\/\/galerie-seydoux.fr\/en\/wp-json\/wp\/v2\/product_cat?post=22242"},{"taxonomy":"product_tag","embeddable":true,"href":"https:\/\/galerie-seydoux.fr\/en\/wp-json\/wp\/v2\/product_tag?post=22242"},{"taxonomy":"pa_product_author","embeddable":true,"href":"https:\/\/galerie-seydoux.fr\/en\/wp-json\/wp\/v2\/pa_product_author?post=22242"}],"curies":[{"name":"wp","href":"https:\/\/api.w.org\/{rel}","templated":true}]}}