{"id":22239,"date":"2025-02-04T14:00:15","date_gmt":"2025-02-04T13:00:15","guid":{"rendered":"https:\/\/galerie-seydoux.fr\/?post_type=product&#038;p=22239"},"modified":"2025-03-20T15:30:31","modified_gmt":"2025-03-20T14:30:31","slug":"court-editeur-a-luxeuil-la-crucifixion","status":"publish","type":"product","link":"https:\/\/galerie-seydoux.fr\/en\/collections\/court-editeur-a-luxeuil-la-crucifixion\/","title":{"rendered":"COURT \u00e9diteur \u00e0 Luxeuil &#8211; La Crucifixion"},"content":{"rendered":"<p>Belle \u00e9preuve sur verg\u00e9 en coloris d&#8217;\u00e9poque. D\u00e9chirure verticale en-t\u00eate d&#8217;environ 80 mm; quelques petits trous; plis, traces de plis et taches. Rare. Nous n&#8217;avons pas retrouv\u00e9 mention de cet \u00e9diteur et de cette gravure.<\/p>\n","protected":false},"excerpt":{"rendered":"<p>Belle \u00e9preuve sur verg\u00e9 en coloris d&#8217;\u00e9poque. D\u00e9chirure verticale en-t\u00eate d&#8217;environ 80 mm; quelques petits trous; plis, traces de plis et taches. Rare. Nous n&#8217;avons pas retrouv\u00e9 mention de cet \u00e9diteur et de cette gravure.<\/p>\n","protected":false},"featured_media":22009,"template":"","meta":{"_acf_changed":false,"_et_pb_use_builder":"","_et_pb_old_content":"","_et_gb_content_width":"","inline_featured_image":false},"product_brand":[],"product_cat":[3673,3680,3672,3674],"product_tag":[],"pa_product_author":[],"class_list":{"0":"post-22239","1":"product","2":"type-product","3":"status-publish","4":"has-post-thumbnail","6":"product_cat-18th-century","7":"product_cat-19th-century","8":"product_cat-prints","9":"product_cat-french-school","11":"first","12":"outofstock","13":"shipping-taxable","14":"product-type-simple"},"acf":[],"_links":{"self":[{"href":"https:\/\/galerie-seydoux.fr\/en\/wp-json\/wp\/v2\/product\/22239","targetHints":{"allow":["GET"]}}],"collection":[{"href":"https:\/\/galerie-seydoux.fr\/en\/wp-json\/wp\/v2\/product"}],"about":[{"href":"https:\/\/galerie-seydoux.fr\/en\/wp-json\/wp\/v2\/types\/product"}],"wp:featuredmedia":[{"embeddable":true,"href":"https:\/\/galerie-seydoux.fr\/en\/wp-json\/wp\/v2\/media\/22009"}],"wp:attachment":[{"href":"https:\/\/galerie-seydoux.fr\/en\/wp-json\/wp\/v2\/media?parent=22239"}],"wp:term":[{"taxonomy":"product_brand","embeddable":true,"href":"https:\/\/galerie-seydoux.fr\/en\/wp-json\/wp\/v2\/product_brand?post=22239"},{"taxonomy":"product_cat","embeddable":true,"href":"https:\/\/galerie-seydoux.fr\/en\/wp-json\/wp\/v2\/product_cat?post=22239"},{"taxonomy":"product_tag","embeddable":true,"href":"https:\/\/galerie-seydoux.fr\/en\/wp-json\/wp\/v2\/product_tag?post=22239"},{"taxonomy":"pa_product_author","embeddable":true,"href":"https:\/\/galerie-seydoux.fr\/en\/wp-json\/wp\/v2\/pa_product_author?post=22239"}],"curies":[{"name":"wp","href":"https:\/\/api.w.org\/{rel}","templated":true}]}}