{"id":22233,"date":"2025-02-04T14:00:29","date_gmt":"2025-02-04T13:00:29","guid":{"rendered":"https:\/\/galerie-seydoux.fr\/?post_type=product&#038;p=22233"},"modified":"2025-03-20T15:23:14","modified_gmt":"2025-03-20T14:23:14","slug":"jean-lenfant-henry-marie-de-montmorency-laval-de-boisdauphin-eveque-de-st-pol-de-leon-1660","status":"publish","type":"product","link":"https:\/\/galerie-seydoux.fr\/en\/collections\/jean-lenfant-henry-marie-de-montmorency-laval-de-boisdauphin-eveque-de-st-pol-de-leon-1660\/","title":{"rendered":"Jean LENFANT &#8211; Henry Marie de Montmorency Laval de Boisdauphin, \u00e9v\u00eaque de St Pol de L\u00e9on, 1660"},"content":{"rendered":"<p>I.F.F. nr 133. Very good impression trimmed at the platamark of 2nd state (of 2). Laid down on old laid paper; a slight rubbing trace.<\/p>\n","protected":false},"excerpt":{"rendered":"<p>I.F.F. nr 133. Very good impression trimmed at the platamark of 2nd state (of 2). Laid down on old laid paper; a slight rubbing trace.<\/p>\n","protected":false},"featured_media":22116,"template":"","meta":{"_acf_changed":false,"_et_pb_use_builder":"","_et_pb_old_content":"","_et_gb_content_width":"","inline_featured_image":false},"product_brand":[],"product_cat":[3676,3672,3674],"product_tag":[],"pa_product_author":[],"class_list":{"0":"post-22233","1":"product","2":"type-product","3":"status-publish","4":"has-post-thumbnail","6":"product_cat-17th-century","7":"product_cat-prints","8":"product_cat-french-school","10":"first","11":"instock","12":"shipping-taxable","13":"purchasable","14":"product-type-simple"},"acf":[],"_links":{"self":[{"href":"https:\/\/galerie-seydoux.fr\/en\/wp-json\/wp\/v2\/product\/22233","targetHints":{"allow":["GET"]}}],"collection":[{"href":"https:\/\/galerie-seydoux.fr\/en\/wp-json\/wp\/v2\/product"}],"about":[{"href":"https:\/\/galerie-seydoux.fr\/en\/wp-json\/wp\/v2\/types\/product"}],"wp:featuredmedia":[{"embeddable":true,"href":"https:\/\/galerie-seydoux.fr\/en\/wp-json\/wp\/v2\/media\/22116"}],"wp:attachment":[{"href":"https:\/\/galerie-seydoux.fr\/en\/wp-json\/wp\/v2\/media?parent=22233"}],"wp:term":[{"taxonomy":"product_brand","embeddable":true,"href":"https:\/\/galerie-seydoux.fr\/en\/wp-json\/wp\/v2\/product_brand?post=22233"},{"taxonomy":"product_cat","embeddable":true,"href":"https:\/\/galerie-seydoux.fr\/en\/wp-json\/wp\/v2\/product_cat?post=22233"},{"taxonomy":"product_tag","embeddable":true,"href":"https:\/\/galerie-seydoux.fr\/en\/wp-json\/wp\/v2\/product_tag?post=22233"},{"taxonomy":"pa_product_author","embeddable":true,"href":"https:\/\/galerie-seydoux.fr\/en\/wp-json\/wp\/v2\/pa_product_author?post=22233"}],"curies":[{"name":"wp","href":"https:\/\/api.w.org\/{rel}","templated":true}]}}