{"id":21927,"date":"2012-10-01T13:36:47","date_gmt":"2012-10-01T11:36:47","guid":{"rendered":"https:\/\/galerie-seydoux.fr\/collections\/jan-peeter-verdussen-scene-de-campement-militaire\/"},"modified":"2024-11-28T13:51:29","modified_gmt":"2024-11-28T12:51:29","slug":"jan-peeter-verdussen-scene-de-campement-militaire","status":"publish","type":"product","link":"https:\/\/galerie-seydoux.fr\/en\/collections\/jan-peeter-verdussen-scene-de-campement-militaire\/","title":{"rendered":"Jan Peeter VERDUSSEN &#8211; (Sc\u00e8ne de campement militaire)"},"content":{"rendered":"<p>Belle \u00e9preuve imprim\u00e9e en sanguine. Petites marges. Rare. Cette estampe semble in\u00e9dite.<br \/>\nPetit trou, traces de plis visibles et restes de papier de montage au verso, petite tache.<\/p>\n","protected":false},"excerpt":{"rendered":"<p>Belle \u00e9preuve imprim\u00e9e en sanguine. Petites marges. Rare. Cette estampe semble in\u00e9dite. Petit trou, traces de plis visibles et restes de papier de montage au verso, petite tache.<\/p>\n","protected":false},"featured_media":18406,"template":"","meta":{"_acf_changed":false,"_et_pb_use_builder":"","_et_pb_old_content":"","_et_gb_content_width":"","inline_featured_image":false},"product_brand":[],"product_cat":[],"product_tag":[],"pa_product_author":[],"class_list":{"0":"post-21927","1":"product","2":"type-product","3":"status-publish","4":"has-post-thumbnail","7":"first","8":"instock","9":"shipping-taxable","10":"product-type-simple"},"acf":[],"_links":{"self":[{"href":"https:\/\/galerie-seydoux.fr\/en\/wp-json\/wp\/v2\/product\/21927","targetHints":{"allow":["GET"]}}],"collection":[{"href":"https:\/\/galerie-seydoux.fr\/en\/wp-json\/wp\/v2\/product"}],"about":[{"href":"https:\/\/galerie-seydoux.fr\/en\/wp-json\/wp\/v2\/types\/product"}],"wp:featuredmedia":[{"embeddable":true,"href":"https:\/\/galerie-seydoux.fr\/en\/wp-json\/wp\/v2\/media\/18406"}],"wp:attachment":[{"href":"https:\/\/galerie-seydoux.fr\/en\/wp-json\/wp\/v2\/media?parent=21927"}],"wp:term":[{"taxonomy":"product_brand","embeddable":true,"href":"https:\/\/galerie-seydoux.fr\/en\/wp-json\/wp\/v2\/product_brand?post=21927"},{"taxonomy":"product_cat","embeddable":true,"href":"https:\/\/galerie-seydoux.fr\/en\/wp-json\/wp\/v2\/product_cat?post=21927"},{"taxonomy":"product_tag","embeddable":true,"href":"https:\/\/galerie-seydoux.fr\/en\/wp-json\/wp\/v2\/product_tag?post=21927"},{"taxonomy":"pa_product_author","embeddable":true,"href":"https:\/\/galerie-seydoux.fr\/en\/wp-json\/wp\/v2\/pa_product_author?post=21927"}],"curies":[{"name":"wp","href":"https:\/\/api.w.org\/{rel}","templated":true}]}}