{"id":21507,"date":"2024-09-04T16:24:39","date_gmt":"2024-09-04T14:24:39","guid":{"rendered":"https:\/\/xdbase.net\/galerie-seydoux\/?post_type=product&#038;p=21507"},"modified":"2024-10-18T16:58:12","modified_gmt":"2024-10-18T14:58:12","slug":"james-jacques-tissot-lauberge-des-trois-corbeaux-1877","status":"publish","type":"product","link":"https:\/\/galerie-seydoux.fr\/en\/collections\/james-jacques-tissot-lauberge-des-trois-corbeaux-1877\/","title":{"rendered":"James Jacques TISSOT &#8211; L&#8217;Auberge des Trois Corbeaux, 1877"},"content":{"rendered":"<p>Wentworth n\u00b029 (II\/III). Tr\u00e8s belle \u00e9preuve sur verg\u00e9 du 2e \u00e9tat (sur 3), avant les nuages grav\u00e9s. L\u00e9g\u00e8re oxydation du feuillet, plus visible au verso; l\u00e9ger empoussi\u00e9rage et l\u00e9ger manque marginal \u00e0 gauche. Bonnes marges. L&#8217;endroit repr\u00e9sent\u00e9 est probablement la &#8220;Falcon Tavern&#8221; \u00e0 Gravesand.<\/p>\n","protected":false},"excerpt":{"rendered":"<p>James Jacques TISSOT &#8211; L&#8217;Auberge des Trois Corbeaux, 1877<br \/>\n1836 Nantes + 1902 Bullion<\/p>\n","protected":false},"featured_media":21322,"template":"","meta":{"_acf_changed":false,"_et_pb_use_builder":"","_et_pb_old_content":"","_et_gb_content_width":"","inline_featured_image":false},"product_brand":[],"product_cat":[3680,3672,3674,1709],"product_tag":[],"pa_product_author":[],"class_list":{"0":"post-21507","1":"product","2":"type-product","3":"status-publish","4":"has-post-thumbnail","6":"product_cat-19th-century","7":"product_cat-prints","8":"product_cat-french-school","9":"product_cat-english-school","11":"first","12":"instock","13":"shipping-taxable","14":"purchasable","15":"product-type-simple"},"acf":[],"_links":{"self":[{"href":"https:\/\/galerie-seydoux.fr\/en\/wp-json\/wp\/v2\/product\/21507","targetHints":{"allow":["GET"]}}],"collection":[{"href":"https:\/\/galerie-seydoux.fr\/en\/wp-json\/wp\/v2\/product"}],"about":[{"href":"https:\/\/galerie-seydoux.fr\/en\/wp-json\/wp\/v2\/types\/product"}],"wp:featuredmedia":[{"embeddable":true,"href":"https:\/\/galerie-seydoux.fr\/en\/wp-json\/wp\/v2\/media\/21322"}],"wp:attachment":[{"href":"https:\/\/galerie-seydoux.fr\/en\/wp-json\/wp\/v2\/media?parent=21507"}],"wp:term":[{"taxonomy":"product_brand","embeddable":true,"href":"https:\/\/galerie-seydoux.fr\/en\/wp-json\/wp\/v2\/product_brand?post=21507"},{"taxonomy":"product_cat","embeddable":true,"href":"https:\/\/galerie-seydoux.fr\/en\/wp-json\/wp\/v2\/product_cat?post=21507"},{"taxonomy":"product_tag","embeddable":true,"href":"https:\/\/galerie-seydoux.fr\/en\/wp-json\/wp\/v2\/product_tag?post=21507"},{"taxonomy":"pa_product_author","embeddable":true,"href":"https:\/\/galerie-seydoux.fr\/en\/wp-json\/wp\/v2\/pa_product_author?post=21507"}],"curies":[{"name":"wp","href":"https:\/\/api.w.org\/{rel}","templated":true}]}}