{"id":21420,"date":"2024-07-16T16:15:33","date_gmt":"2024-07-16T14:15:33","guid":{"rendered":"https:\/\/xdbase.net\/galerie-seydoux\/?post_type=product&#038;p=21420"},"modified":"2024-07-16T16:21:39","modified_gmt":"2024-07-16T14:21:39","slug":"francois-perrier-portrait-de-simon-vouet-1632","status":"publish","type":"product","link":"https:\/\/galerie-seydoux.fr\/en\/collections\/francois-perrier-portrait-de-simon-vouet-1632\/","title":{"rendered":"Fran\u00e7ois PERRIER &#8211; Portrait de Simon Vouet, 1632"},"content":{"rendered":"<p>Robert-Dumesnil nr 12: A. Clark nr 13. Good impression of the only state. Many small foxings, mostly visible on the edges and in the good margins. Edition of end XVIIth or beginning XVIIIth century. Ex collection Michelin (Lugt nr1490). This plate is &#8220;un des portraits les plus impressionnant d&#8217;un artiste de la premi\u00e8re moiti\u00e9 du XVIIe si\u00e8cle&#8221;.<\/p>\n","protected":false},"excerpt":{"rendered":"<p>Fran\u00e7ois PERRIER<\/p>\n","protected":false},"featured_media":21269,"template":"","meta":{"_acf_changed":false,"_et_pb_use_builder":"","_et_pb_old_content":"","_et_gb_content_width":"","inline_featured_image":false},"product_brand":[],"product_cat":[3676,3672,3674],"product_tag":[],"pa_product_author":[],"class_list":{"0":"post-21420","1":"product","2":"type-product","3":"status-publish","4":"has-post-thumbnail","6":"product_cat-17th-century","7":"product_cat-prints","8":"product_cat-french-school","10":"first","11":"instock","12":"shipping-taxable","13":"purchasable","14":"product-type-simple"},"acf":[],"_links":{"self":[{"href":"https:\/\/galerie-seydoux.fr\/en\/wp-json\/wp\/v2\/product\/21420","targetHints":{"allow":["GET"]}}],"collection":[{"href":"https:\/\/galerie-seydoux.fr\/en\/wp-json\/wp\/v2\/product"}],"about":[{"href":"https:\/\/galerie-seydoux.fr\/en\/wp-json\/wp\/v2\/types\/product"}],"wp:featuredmedia":[{"embeddable":true,"href":"https:\/\/galerie-seydoux.fr\/en\/wp-json\/wp\/v2\/media\/21269"}],"wp:attachment":[{"href":"https:\/\/galerie-seydoux.fr\/en\/wp-json\/wp\/v2\/media?parent=21420"}],"wp:term":[{"taxonomy":"product_brand","embeddable":true,"href":"https:\/\/galerie-seydoux.fr\/en\/wp-json\/wp\/v2\/product_brand?post=21420"},{"taxonomy":"product_cat","embeddable":true,"href":"https:\/\/galerie-seydoux.fr\/en\/wp-json\/wp\/v2\/product_cat?post=21420"},{"taxonomy":"product_tag","embeddable":true,"href":"https:\/\/galerie-seydoux.fr\/en\/wp-json\/wp\/v2\/product_tag?post=21420"},{"taxonomy":"pa_product_author","embeddable":true,"href":"https:\/\/galerie-seydoux.fr\/en\/wp-json\/wp\/v2\/pa_product_author?post=21420"}],"curies":[{"name":"wp","href":"https:\/\/api.w.org\/{rel}","templated":true}]}}