{"id":18352,"date":"2015-12-01T12:13:09","date_gmt":"2015-12-01T11:13:09","guid":{"rendered":"https:\/\/xdbase.net\/galerie-seydoux\/product\/jean-baptiste-andre-gautier-dagoty-louis-xiv-1770-2\/"},"modified":"2023-06-05T18:11:20","modified_gmt":"2023-06-05T16:11:20","slug":"jean-baptiste-andre-gautier-dagoty-louis-xiv-1770","status":"publish","type":"product","link":"https:\/\/galerie-seydoux.fr\/en\/collections\/jean-baptiste-andre-gautier-dagoty-louis-xiv-1770\/","title":{"rendered":"Jean-Baptiste-Andr\u00e9 GAUTIER-DAGOTY &#8211; Louis XIV 1770"},"content":{"rendered":"<p>Tr\u00e8s belle \u00e9preuve de l&#8217;\u00e9tat unique. Planche pour la Galerie Fran\u00e7aise, 1770, comportant un titre et dix-sept portraits. Grandes marges.<\/p>\n","protected":false},"excerpt":{"rendered":"<p>Jean-Baptiste-Andr\u00e9 GAUTIER-DAGOTY<br \/>\n1745 + 1783<br \/>\nMani\u00e8re noire<\/p>\n","protected":false},"featured_media":18450,"template":"","meta":{"_acf_changed":false,"_et_pb_use_builder":"","_et_pb_old_content":"","_et_gb_content_width":"","inline_featured_image":false},"product_brand":[],"product_cat":[3673,3672,3674],"product_tag":[],"pa_product_author":[],"class_list":{"0":"post-18352","1":"product","2":"type-product","3":"status-publish","4":"has-post-thumbnail","6":"product_cat-18th-century","7":"product_cat-prints","8":"product_cat-french-school","10":"first","11":"instock","12":"shipping-taxable","13":"purchasable","14":"product-type-simple"},"acf":[],"_links":{"self":[{"href":"https:\/\/galerie-seydoux.fr\/en\/wp-json\/wp\/v2\/product\/18352","targetHints":{"allow":["GET"]}}],"collection":[{"href":"https:\/\/galerie-seydoux.fr\/en\/wp-json\/wp\/v2\/product"}],"about":[{"href":"https:\/\/galerie-seydoux.fr\/en\/wp-json\/wp\/v2\/types\/product"}],"wp:featuredmedia":[{"embeddable":true,"href":"https:\/\/galerie-seydoux.fr\/en\/wp-json\/wp\/v2\/media\/18450"}],"wp:attachment":[{"href":"https:\/\/galerie-seydoux.fr\/en\/wp-json\/wp\/v2\/media?parent=18352"}],"wp:term":[{"taxonomy":"product_brand","embeddable":true,"href":"https:\/\/galerie-seydoux.fr\/en\/wp-json\/wp\/v2\/product_brand?post=18352"},{"taxonomy":"product_cat","embeddable":true,"href":"https:\/\/galerie-seydoux.fr\/en\/wp-json\/wp\/v2\/product_cat?post=18352"},{"taxonomy":"product_tag","embeddable":true,"href":"https:\/\/galerie-seydoux.fr\/en\/wp-json\/wp\/v2\/product_tag?post=18352"},{"taxonomy":"pa_product_author","embeddable":true,"href":"https:\/\/galerie-seydoux.fr\/en\/wp-json\/wp\/v2\/pa_product_author?post=18352"}],"curies":[{"name":"wp","href":"https:\/\/api.w.org\/{rel}","templated":true}]}}