{"id":18345,"date":"2016-07-05T16:41:39","date_gmt":"2016-07-05T14:41:39","guid":{"rendered":"https:\/\/xdbase.net\/galerie-seydoux\/product\/john-faber-hans-sloane-1728-2\/"},"modified":"2023-06-05T18:05:33","modified_gmt":"2023-06-05T16:05:33","slug":"john-faber-hans-sloane-1728","status":"publish","type":"product","link":"https:\/\/galerie-seydoux.fr\/en\/collections\/john-faber-hans-sloane-1728\/","title":{"rendered":"John FABER &#8211; Hans Sloane, 1728"},"content":{"rendered":"<p>Belle \u00e9preuve. Traces de plis et quelques taches, restes de papier de montage au verso. Petites marges. Hans Sloane (1660 + 1753) l\u00e9gua \u00e0 sa mort ses riches collections au royaume d&#8217;Angleterre, qui furent \u00e0 l&#8217;origine du British Museum.<\/p>\n","protected":false},"excerpt":{"rendered":"<p>John FABER<br \/>\nca 1684 La Haye + 1756 Londres<br \/>\nMani\u00e8re noire d&#8217;apr\u00e8s Murray<\/p>\n","protected":false},"featured_media":18472,"template":"","meta":{"_acf_changed":false,"_et_pb_use_builder":"","_et_pb_old_content":"","_et_gb_content_width":"","inline_featured_image":false},"product_brand":[],"product_cat":[3673,3672,3678],"product_tag":[],"pa_product_author":[],"class_list":{"0":"post-18345","1":"product","2":"type-product","3":"status-publish","4":"has-post-thumbnail","6":"product_cat-18th-century","7":"product_cat-prints","8":"product_cat-northern-school","10":"first","11":"instock","12":"shipping-taxable","13":"purchasable","14":"product-type-simple"},"acf":[],"_links":{"self":[{"href":"https:\/\/galerie-seydoux.fr\/en\/wp-json\/wp\/v2\/product\/18345","targetHints":{"allow":["GET"]}}],"collection":[{"href":"https:\/\/galerie-seydoux.fr\/en\/wp-json\/wp\/v2\/product"}],"about":[{"href":"https:\/\/galerie-seydoux.fr\/en\/wp-json\/wp\/v2\/types\/product"}],"wp:featuredmedia":[{"embeddable":true,"href":"https:\/\/galerie-seydoux.fr\/en\/wp-json\/wp\/v2\/media\/18472"}],"wp:attachment":[{"href":"https:\/\/galerie-seydoux.fr\/en\/wp-json\/wp\/v2\/media?parent=18345"}],"wp:term":[{"taxonomy":"product_brand","embeddable":true,"href":"https:\/\/galerie-seydoux.fr\/en\/wp-json\/wp\/v2\/product_brand?post=18345"},{"taxonomy":"product_cat","embeddable":true,"href":"https:\/\/galerie-seydoux.fr\/en\/wp-json\/wp\/v2\/product_cat?post=18345"},{"taxonomy":"product_tag","embeddable":true,"href":"https:\/\/galerie-seydoux.fr\/en\/wp-json\/wp\/v2\/product_tag?post=18345"},{"taxonomy":"pa_product_author","embeddable":true,"href":"https:\/\/galerie-seydoux.fr\/en\/wp-json\/wp\/v2\/pa_product_author?post=18345"}],"curies":[{"name":"wp","href":"https:\/\/api.w.org\/{rel}","templated":true}]}}