{"id":18343,"date":"2016-10-04T14:00:30","date_gmt":"2016-10-04T12:00:30","guid":{"rendered":"https:\/\/xdbase.net\/galerie-seydoux\/product\/nicolas-de-larmessin-louis-xv-ca-1740-2\/"},"modified":"2023-06-05T18:08:45","modified_gmt":"2023-06-05T16:08:45","slug":"nicolas-de-larmessin-louis-xv-ca-1740","status":"publish","type":"product","link":"https:\/\/galerie-seydoux.fr\/en\/collections\/nicolas-de-larmessin-louis-xv-ca-1740\/","title":{"rendered":"Nicolas de LARMESSIN &#8211; Louis XV, ca 1740"},"content":{"rendered":"<p>Firmin-Didot n\u00b01055 (II\/II). Belle \u00e9preuve du 2\u00e8me \u00e9tat (sur 2), la t\u00eate du roi plus \u00e2g\u00e9 et avec quelques modifications. Deux tr\u00e8s courtes d\u00e9chirures, traces de plis, restes de colle au verso et infimes \u00e9pidermures. Petites marges.<\/p>\n","protected":false},"excerpt":{"rendered":"<p>Nicolas de LARMESSIN<br \/>\n1684 Paris + 1753<br \/>\nBurin d&#8217;apr\u00e8s van Loo<\/p>\n","protected":false},"featured_media":18474,"template":"","meta":{"_acf_changed":false,"_et_pb_use_builder":"","_et_pb_old_content":"","_et_gb_content_width":"","inline_featured_image":false},"product_brand":[],"product_cat":[3673,3672,3674],"product_tag":[],"pa_product_author":[],"class_list":{"0":"post-18343","1":"product","2":"type-product","3":"status-publish","4":"has-post-thumbnail","6":"product_cat-18th-century","7":"product_cat-prints","8":"product_cat-french-school","10":"first","11":"instock","12":"shipping-taxable","13":"purchasable","14":"product-type-simple"},"acf":[],"_links":{"self":[{"href":"https:\/\/galerie-seydoux.fr\/en\/wp-json\/wp\/v2\/product\/18343","targetHints":{"allow":["GET"]}}],"collection":[{"href":"https:\/\/galerie-seydoux.fr\/en\/wp-json\/wp\/v2\/product"}],"about":[{"href":"https:\/\/galerie-seydoux.fr\/en\/wp-json\/wp\/v2\/types\/product"}],"wp:featuredmedia":[{"embeddable":true,"href":"https:\/\/galerie-seydoux.fr\/en\/wp-json\/wp\/v2\/media\/18474"}],"wp:attachment":[{"href":"https:\/\/galerie-seydoux.fr\/en\/wp-json\/wp\/v2\/media?parent=18343"}],"wp:term":[{"taxonomy":"product_brand","embeddable":true,"href":"https:\/\/galerie-seydoux.fr\/en\/wp-json\/wp\/v2\/product_brand?post=18343"},{"taxonomy":"product_cat","embeddable":true,"href":"https:\/\/galerie-seydoux.fr\/en\/wp-json\/wp\/v2\/product_cat?post=18343"},{"taxonomy":"product_tag","embeddable":true,"href":"https:\/\/galerie-seydoux.fr\/en\/wp-json\/wp\/v2\/product_tag?post=18343"},{"taxonomy":"pa_product_author","embeddable":true,"href":"https:\/\/galerie-seydoux.fr\/en\/wp-json\/wp\/v2\/pa_product_author?post=18343"}],"curies":[{"name":"wp","href":"https:\/\/api.w.org\/{rel}","templated":true}]}}