{"id":17978,"date":"2016-10-04T14:00:10","date_gmt":"2016-10-04T12:00:10","guid":{"rendered":"https:\/\/xdbase.net\/galerie-seydoux\/product\/emile-de-specht-croquis-scene-de-bordel-ca-1885-2\/"},"modified":"2023-06-05T18:11:06","modified_gmt":"2023-06-05T16:11:06","slug":"emile-de-specht-croquis-scene-de-bordel-ca-1885","status":"publish","type":"product","link":"https:\/\/galerie-seydoux.fr\/en\/collections\/emile-de-specht-croquis-scene-de-bordel-ca-1885\/","title":{"rendered":"Emile de SPECHT &#8211; (Croquis &#8211; sc\u00e8ne de bordel), ca 1885"},"content":{"rendered":"<p><span style=\"font-weight: 400;\">Tr\u00e8s belle \u00e9preuve sur v\u00e9lin beige largement retouch\u00e9e \u00e0 l&#8217;encre et sign\u00e9e en bas \u00e0 droite. Belles marges. Tr\u00e8s rare.<\/span><\/p>\n","protected":false},"excerpt":{"rendered":"<p>Emile de SPECHT<br \/>\n1845 Saint Denis + 1909<br \/>\nMonotype repris \u00e0 la plume et encre<\/p>\n","protected":false},"featured_media":18476,"template":"","meta":{"_acf_changed":false,"_et_pb_use_builder":"","_et_pb_old_content":"","_et_gb_content_width":"","inline_featured_image":false},"product_brand":[],"product_cat":[3680,3672,3674],"product_tag":[],"pa_product_author":[],"class_list":{"0":"post-17978","1":"product","2":"type-product","3":"status-publish","4":"has-post-thumbnail","6":"product_cat-19th-century","7":"product_cat-prints","8":"product_cat-french-school","10":"first","11":"instock","12":"shipping-taxable","13":"purchasable","14":"product-type-simple"},"acf":[],"_links":{"self":[{"href":"https:\/\/galerie-seydoux.fr\/en\/wp-json\/wp\/v2\/product\/17978","targetHints":{"allow":["GET"]}}],"collection":[{"href":"https:\/\/galerie-seydoux.fr\/en\/wp-json\/wp\/v2\/product"}],"about":[{"href":"https:\/\/galerie-seydoux.fr\/en\/wp-json\/wp\/v2\/types\/product"}],"wp:featuredmedia":[{"embeddable":true,"href":"https:\/\/galerie-seydoux.fr\/en\/wp-json\/wp\/v2\/media\/18476"}],"wp:attachment":[{"href":"https:\/\/galerie-seydoux.fr\/en\/wp-json\/wp\/v2\/media?parent=17978"}],"wp:term":[{"taxonomy":"product_brand","embeddable":true,"href":"https:\/\/galerie-seydoux.fr\/en\/wp-json\/wp\/v2\/product_brand?post=17978"},{"taxonomy":"product_cat","embeddable":true,"href":"https:\/\/galerie-seydoux.fr\/en\/wp-json\/wp\/v2\/product_cat?post=17978"},{"taxonomy":"product_tag","embeddable":true,"href":"https:\/\/galerie-seydoux.fr\/en\/wp-json\/wp\/v2\/product_tag?post=17978"},{"taxonomy":"pa_product_author","embeddable":true,"href":"https:\/\/galerie-seydoux.fr\/en\/wp-json\/wp\/v2\/pa_product_author?post=17978"}],"curies":[{"name":"wp","href":"https:\/\/api.w.org\/{rel}","templated":true}]}}