{"id":17973,"date":"2016-12-06T14:00:11","date_gmt":"2016-12-06T13:00:11","guid":{"rendered":"https:\/\/xdbase.net\/galerie-seydoux\/product\/carlo-lasinio-sybille-samienne-2\/"},"modified":"2023-06-05T18:17:39","modified_gmt":"2023-06-05T16:17:39","slug":"carlo-lasinio-sybille-samienne","status":"publish","type":"product","link":"https:\/\/galerie-seydoux.fr\/en\/collections\/carlo-lasinio-sybille-samienne\/","title":{"rendered":"Carlo LASINIO &#8211; La Sybille Samienne"},"content":{"rendered":"<p>Tr\u00e8s belle \u00e9preuve imprim\u00e9e en couleurs, avec rehauts de gouache, rogn\u00e9e en t\u00eate d&#8217;environ 45 mm. Contrecoll\u00e9e sur verg\u00e9, quelques \u00e9pidermures, notamment sur le visage; deux d\u00e9chirures l&#8217;une sous le poignet et la seconde \u00e0 droite de la t\u00eate; l&#8217;empreinte du filigrane visible dans le visage. Ex coll. P. B\u00e9r\u00e8s (sans marque). Rare.<\/p>\n","protected":false},"excerpt":{"rendered":"<p>Carlo LASINIO<br \/>\n1759 Tr\u00e9vise + 1838 Pise<br \/>\nMani\u00e8re noire d&#8217;apr\u00e8s Le Guerchin<\/p>\n","protected":false},"featured_media":18482,"template":"","meta":{"_acf_changed":false,"_et_pb_use_builder":"","_et_pb_old_content":"","_et_gb_content_width":"","inline_featured_image":false},"product_brand":[],"product_cat":[3673,3672,3675],"product_tag":[],"pa_product_author":[],"class_list":{"0":"post-17973","1":"product","2":"type-product","3":"status-publish","4":"has-post-thumbnail","6":"product_cat-18th-century","7":"product_cat-prints","8":"product_cat-italian-school","10":"first","11":"instock","12":"shipping-taxable","13":"purchasable","14":"product-type-simple"},"acf":[],"_links":{"self":[{"href":"https:\/\/galerie-seydoux.fr\/en\/wp-json\/wp\/v2\/product\/17973","targetHints":{"allow":["GET"]}}],"collection":[{"href":"https:\/\/galerie-seydoux.fr\/en\/wp-json\/wp\/v2\/product"}],"about":[{"href":"https:\/\/galerie-seydoux.fr\/en\/wp-json\/wp\/v2\/types\/product"}],"wp:featuredmedia":[{"embeddable":true,"href":"https:\/\/galerie-seydoux.fr\/en\/wp-json\/wp\/v2\/media\/18482"}],"wp:attachment":[{"href":"https:\/\/galerie-seydoux.fr\/en\/wp-json\/wp\/v2\/media?parent=17973"}],"wp:term":[{"taxonomy":"product_brand","embeddable":true,"href":"https:\/\/galerie-seydoux.fr\/en\/wp-json\/wp\/v2\/product_brand?post=17973"},{"taxonomy":"product_cat","embeddable":true,"href":"https:\/\/galerie-seydoux.fr\/en\/wp-json\/wp\/v2\/product_cat?post=17973"},{"taxonomy":"product_tag","embeddable":true,"href":"https:\/\/galerie-seydoux.fr\/en\/wp-json\/wp\/v2\/product_tag?post=17973"},{"taxonomy":"pa_product_author","embeddable":true,"href":"https:\/\/galerie-seydoux.fr\/en\/wp-json\/wp\/v2\/pa_product_author?post=17973"}],"curies":[{"name":"wp","href":"https:\/\/api.w.org\/{rel}","templated":true}]}}