{"id":17135,"date":"2022-11-24T18:05:31","date_gmt":"2022-11-24T17:05:31","guid":{"rendered":"https:\/\/xdbase.net\/galerie-seydoux\/?p=17135"},"modified":"2024-07-12T17:33:58","modified_gmt":"2024-07-12T15:33:58","slug":"artiste-oeuvre-107-140-19-2","status":"publish","type":"product","link":"https:\/\/galerie-seydoux.fr\/en\/collections\/artiste-oeuvre-107-140-19-2\/","title":{"rendered":"Anonymous german, before 1500 &#8211; Le Jugement Dernier en pr\u00e9sence des ap\u00f4tres"},"content":{"rendered":"<p>Bartsch ill. n\u00b0599. Belle \u00e9preuve sur verg\u00e9. Contrecoll\u00e9e sur verg\u00e9 ancien. Filigrane : Folie. Cachet de collection non identifi\u00e9. Tirage probable du d\u00e9but du XIXe si\u00e8cle, aucune \u00e9preuve ancienne ne semble connue.<\/p>\n","protected":false},"excerpt":{"rendered":"<p>Anonymous german, before 1500<br \/>\nEnd of XVth century<br \/>\nWoodcut<\/p>\n","protected":false},"featured_media":20862,"template":"","meta":{"_acf_changed":false,"_et_pb_use_builder":"","_et_pb_old_content":"","_et_gb_content_width":"","inline_featured_image":false},"product_brand":[],"product_cat":[3670,3672,3677],"product_tag":[],"pa_product_author":[],"class_list":{"0":"post-17135","1":"product","2":"type-product","3":"status-publish","4":"has-post-thumbnail","6":"product_cat-16th-century","7":"product_cat-prints","8":"product_cat-german-school","10":"first","11":"instock","12":"shipping-taxable","13":"purchasable","14":"product-type-simple"},"acf":[],"_links":{"self":[{"href":"https:\/\/galerie-seydoux.fr\/en\/wp-json\/wp\/v2\/product\/17135","targetHints":{"allow":["GET"]}}],"collection":[{"href":"https:\/\/galerie-seydoux.fr\/en\/wp-json\/wp\/v2\/product"}],"about":[{"href":"https:\/\/galerie-seydoux.fr\/en\/wp-json\/wp\/v2\/types\/product"}],"wp:featuredmedia":[{"embeddable":true,"href":"https:\/\/galerie-seydoux.fr\/en\/wp-json\/wp\/v2\/media\/20862"}],"wp:attachment":[{"href":"https:\/\/galerie-seydoux.fr\/en\/wp-json\/wp\/v2\/media?parent=17135"}],"wp:term":[{"taxonomy":"product_brand","embeddable":true,"href":"https:\/\/galerie-seydoux.fr\/en\/wp-json\/wp\/v2\/product_brand?post=17135"},{"taxonomy":"product_cat","embeddable":true,"href":"https:\/\/galerie-seydoux.fr\/en\/wp-json\/wp\/v2\/product_cat?post=17135"},{"taxonomy":"product_tag","embeddable":true,"href":"https:\/\/galerie-seydoux.fr\/en\/wp-json\/wp\/v2\/product_tag?post=17135"},{"taxonomy":"pa_product_author","embeddable":true,"href":"https:\/\/galerie-seydoux.fr\/en\/wp-json\/wp\/v2\/pa_product_author?post=17135"}],"curies":[{"name":"wp","href":"https:\/\/api.w.org\/{rel}","templated":true}]}}