{"id":16886,"date":"2022-11-24T14:00:00","date_gmt":"2022-11-24T13:00:00","guid":{"rendered":"https:\/\/xdbase.net\/galerie-seydoux\/?p=16886"},"modified":"2024-07-12T17:34:51","modified_gmt":"2024-07-12T15:34:51","slug":"artiste-oeuvre-107-140-12-2","status":"publish","type":"product","link":"https:\/\/galerie-seydoux.fr\/en\/collections\/artiste-oeuvre-107-140-12-2\/","title":{"rendered":"\u00c9mile BOILVIN &#8211; La fr\u00e9gate du Pont Neuf, 1878"},"content":{"rendered":"<p>Very good impression on laid paper, signed and very probably annotated by the artist &#8220;la fr\u00e9gate du Pont Neuf, essai de vernis mou 1878, tir\u00e9 \u00e0 trois exemplaires&#8221;. Wide margins. Rare.<\/p>\n","protected":false},"excerpt":{"rendered":"<p>\u00c9mile BOILVIN<br \/>\n1845 Metz + 1899 Paris<br \/>\nSoft ground etching and etching<\/p>\n","protected":false},"featured_media":20068,"template":"","meta":{"_acf_changed":false,"_et_pb_use_builder":"","_et_pb_old_content":"","_et_gb_content_width":"","inline_featured_image":false},"product_brand":[],"product_cat":[3680,3672,3674],"product_tag":[],"pa_product_author":[],"class_list":{"0":"post-16886","1":"product","2":"type-product","3":"status-publish","4":"has-post-thumbnail","6":"product_cat-19th-century","7":"product_cat-prints","8":"product_cat-french-school","10":"first","11":"instock","12":"shipping-taxable","13":"purchasable","14":"product-type-simple"},"acf":[],"_links":{"self":[{"href":"https:\/\/galerie-seydoux.fr\/en\/wp-json\/wp\/v2\/product\/16886","targetHints":{"allow":["GET"]}}],"collection":[{"href":"https:\/\/galerie-seydoux.fr\/en\/wp-json\/wp\/v2\/product"}],"about":[{"href":"https:\/\/galerie-seydoux.fr\/en\/wp-json\/wp\/v2\/types\/product"}],"wp:featuredmedia":[{"embeddable":true,"href":"https:\/\/galerie-seydoux.fr\/en\/wp-json\/wp\/v2\/media\/20068"}],"wp:attachment":[{"href":"https:\/\/galerie-seydoux.fr\/en\/wp-json\/wp\/v2\/media?parent=16886"}],"wp:term":[{"taxonomy":"product_brand","embeddable":true,"href":"https:\/\/galerie-seydoux.fr\/en\/wp-json\/wp\/v2\/product_brand?post=16886"},{"taxonomy":"product_cat","embeddable":true,"href":"https:\/\/galerie-seydoux.fr\/en\/wp-json\/wp\/v2\/product_cat?post=16886"},{"taxonomy":"product_tag","embeddable":true,"href":"https:\/\/galerie-seydoux.fr\/en\/wp-json\/wp\/v2\/product_tag?post=16886"},{"taxonomy":"pa_product_author","embeddable":true,"href":"https:\/\/galerie-seydoux.fr\/en\/wp-json\/wp\/v2\/pa_product_author?post=16886"}],"curies":[{"name":"wp","href":"https:\/\/api.w.org\/{rel}","templated":true}]}}