{"id":16459,"date":"2022-10-04T14:00:00","date_gmt":"2022-10-04T12:00:00","guid":{"rendered":"https:\/\/xdbase.net\/galerie-seydoux\/?p=16459"},"modified":"2023-05-26T07:59:20","modified_gmt":"2023-05-26T05:59:20","slug":"artiste-oeuvre-107-390-3","status":"publish","type":"product","link":"https:\/\/galerie-seydoux.fr\/en\/collections\/artiste-oeuvre-107-390-3\/","title":{"rendered":"\u00c9mile BOILVIN &#8211; Les P\u00eacheurs \u00e0 la ligne (Paris ?), ca 1895"},"content":{"rendered":"<p>I.F.F. nr 32. Very good impression on japan pater, annotated, numbered and signed. Wide margins. Edition of 25 impressions in this state.<\/p>\n","protected":false},"excerpt":{"rendered":"<p>\u00c9mile BOILVIN<br \/>\n1845 Metz + 1899 Paris<br \/>\nEtching and soft ground etchin<\/p>\n","protected":false},"featured_media":20005,"template":"","meta":{"_acf_changed":false,"_et_pb_use_builder":"","_et_pb_old_content":"","_et_gb_content_width":"","inline_featured_image":false},"product_brand":[],"product_cat":[373,3680,3672,3674],"product_tag":[],"pa_product_author":[],"class_list":{"0":"post-16459","1":"product","2":"type-product","3":"status-publish","4":"has-post-thumbnail","6":"product_cat-xviiie-siecle","7":"product_cat-19th-century","8":"product_cat-prints","9":"product_cat-french-school","11":"first","12":"instock","13":"shipping-taxable","14":"purchasable","15":"product-type-simple"},"acf":[],"_links":{"self":[{"href":"https:\/\/galerie-seydoux.fr\/en\/wp-json\/wp\/v2\/product\/16459","targetHints":{"allow":["GET"]}}],"collection":[{"href":"https:\/\/galerie-seydoux.fr\/en\/wp-json\/wp\/v2\/product"}],"about":[{"href":"https:\/\/galerie-seydoux.fr\/en\/wp-json\/wp\/v2\/types\/product"}],"wp:featuredmedia":[{"embeddable":true,"href":"https:\/\/galerie-seydoux.fr\/en\/wp-json\/wp\/v2\/media\/20005"}],"wp:attachment":[{"href":"https:\/\/galerie-seydoux.fr\/en\/wp-json\/wp\/v2\/media?parent=16459"}],"wp:term":[{"taxonomy":"product_brand","embeddable":true,"href":"https:\/\/galerie-seydoux.fr\/en\/wp-json\/wp\/v2\/product_brand?post=16459"},{"taxonomy":"product_cat","embeddable":true,"href":"https:\/\/galerie-seydoux.fr\/en\/wp-json\/wp\/v2\/product_cat?post=16459"},{"taxonomy":"product_tag","embeddable":true,"href":"https:\/\/galerie-seydoux.fr\/en\/wp-json\/wp\/v2\/product_tag?post=16459"},{"taxonomy":"pa_product_author","embeddable":true,"href":"https:\/\/galerie-seydoux.fr\/en\/wp-json\/wp\/v2\/pa_product_author?post=16459"}],"curies":[{"name":"wp","href":"https:\/\/api.w.org\/{rel}","templated":true}]}}