{"id":16081,"date":"2022-06-07T14:00:00","date_gmt":"2022-06-07T12:00:00","guid":{"rendered":"https:\/\/xdbase.net\/galerie-seydoux\/?p=16081"},"modified":"2023-05-25T15:00:58","modified_gmt":"2023-05-25T13:00:58","slug":"artiste-oeuvre-107-449","status":"publish","type":"product","link":"https:\/\/galerie-seydoux.fr\/en\/collections\/artiste-oeuvre-107-449\/","title":{"rendered":"Jean Fran\u00e7ois Pierre PEYRON &#8211; La mort de S\u00e9n\u00e8que"},"content":{"rendered":"<p>P. de Baudicourt nr 1. Good impression irregularly trimmed at the platemark. Glued by the upper edge; slight stains on the back. The artist interprets his 1773 painting, who won the grand prize for painting at the Salon the same year.<\/p>\n","protected":false},"excerpt":{"rendered":"<p>Jean Fran\u00e7ois Pierre PEYRON<br \/>\n1744 Aix en Provence + 1815 Paris<br \/>\nEtching<\/p>\n","protected":false},"featured_media":19957,"template":"","meta":{"_acf_changed":false,"_et_pb_use_builder":"","_et_pb_old_content":"","_et_gb_content_width":"","inline_featured_image":false},"product_brand":[],"product_cat":[3673,3672,3674],"product_tag":[],"pa_product_author":[],"class_list":{"0":"post-16081","1":"product","2":"type-product","3":"status-publish","4":"has-post-thumbnail","6":"product_cat-18th-century","7":"product_cat-prints","8":"product_cat-french-school","10":"first","11":"instock","12":"shipping-taxable","13":"purchasable","14":"product-type-simple"},"acf":[],"_links":{"self":[{"href":"https:\/\/galerie-seydoux.fr\/en\/wp-json\/wp\/v2\/product\/16081","targetHints":{"allow":["GET"]}}],"collection":[{"href":"https:\/\/galerie-seydoux.fr\/en\/wp-json\/wp\/v2\/product"}],"about":[{"href":"https:\/\/galerie-seydoux.fr\/en\/wp-json\/wp\/v2\/types\/product"}],"wp:featuredmedia":[{"embeddable":true,"href":"https:\/\/galerie-seydoux.fr\/en\/wp-json\/wp\/v2\/media\/19957"}],"wp:attachment":[{"href":"https:\/\/galerie-seydoux.fr\/en\/wp-json\/wp\/v2\/media?parent=16081"}],"wp:term":[{"taxonomy":"product_brand","embeddable":true,"href":"https:\/\/galerie-seydoux.fr\/en\/wp-json\/wp\/v2\/product_brand?post=16081"},{"taxonomy":"product_cat","embeddable":true,"href":"https:\/\/galerie-seydoux.fr\/en\/wp-json\/wp\/v2\/product_cat?post=16081"},{"taxonomy":"product_tag","embeddable":true,"href":"https:\/\/galerie-seydoux.fr\/en\/wp-json\/wp\/v2\/product_tag?post=16081"},{"taxonomy":"pa_product_author","embeddable":true,"href":"https:\/\/galerie-seydoux.fr\/en\/wp-json\/wp\/v2\/pa_product_author?post=16081"}],"curies":[{"name":"wp","href":"https:\/\/api.w.org\/{rel}","templated":true}]}}