{"id":14705,"date":"2022-02-01T14:00:00","date_gmt":"2022-02-01T13:00:00","guid":{"rendered":"https:\/\/xdbase.net\/galerie-seydoux\/?p=14705"},"modified":"2023-05-25T14:58:48","modified_gmt":"2023-05-25T12:58:48","slug":"artiste-oeuvre-107-340","status":"publish","type":"product","link":"https:\/\/galerie-seydoux.fr\/en\/collections\/artiste-oeuvre-107-340\/","title":{"rendered":"Paul Adrien BOUROUX &#8211; Le Panth\u00e9on, ca 1930"},"content":{"rendered":"<p>Very good impression on strong wove paper, annotated &#8220;\u00c9preuve d&#8217;\u00e9tat&#8221; and signed.<\/p>\n","protected":false},"excerpt":{"rendered":"<p>Paul Adrien BOUROUX<br \/>\n1878 M\u00e9zi\u00e8res + 1967<br \/>\nEtching<\/p>\n","protected":false},"featured_media":19709,"template":"","meta":{"_acf_changed":false,"_et_pb_use_builder":"","_et_pb_old_content":"","_et_gb_content_width":"","inline_featured_image":false},"product_brand":[],"product_cat":[3679,3672,3674],"product_tag":[],"pa_product_author":[],"class_list":{"0":"post-14705","1":"product","2":"type-product","3":"status-publish","4":"has-post-thumbnail","6":"product_cat-20th-century","7":"product_cat-prints","8":"product_cat-french-school","10":"first","11":"instock","12":"shipping-taxable","13":"purchasable","14":"product-type-simple"},"acf":[],"_links":{"self":[{"href":"https:\/\/galerie-seydoux.fr\/en\/wp-json\/wp\/v2\/product\/14705","targetHints":{"allow":["GET"]}}],"collection":[{"href":"https:\/\/galerie-seydoux.fr\/en\/wp-json\/wp\/v2\/product"}],"about":[{"href":"https:\/\/galerie-seydoux.fr\/en\/wp-json\/wp\/v2\/types\/product"}],"wp:featuredmedia":[{"embeddable":true,"href":"https:\/\/galerie-seydoux.fr\/en\/wp-json\/wp\/v2\/media\/19709"}],"wp:attachment":[{"href":"https:\/\/galerie-seydoux.fr\/en\/wp-json\/wp\/v2\/media?parent=14705"}],"wp:term":[{"taxonomy":"product_brand","embeddable":true,"href":"https:\/\/galerie-seydoux.fr\/en\/wp-json\/wp\/v2\/product_brand?post=14705"},{"taxonomy":"product_cat","embeddable":true,"href":"https:\/\/galerie-seydoux.fr\/en\/wp-json\/wp\/v2\/product_cat?post=14705"},{"taxonomy":"product_tag","embeddable":true,"href":"https:\/\/galerie-seydoux.fr\/en\/wp-json\/wp\/v2\/product_tag?post=14705"},{"taxonomy":"pa_product_author","embeddable":true,"href":"https:\/\/galerie-seydoux.fr\/en\/wp-json\/wp\/v2\/pa_product_author?post=14705"}],"curies":[{"name":"wp","href":"https:\/\/api.w.org\/{rel}","templated":true}]}}