{"id":14344,"date":"2021-12-02T16:00:00","date_gmt":"2021-12-02T15:00:00","guid":{"rendered":"https:\/\/xdbase.net\/galerie-seydoux\/?p=14344"},"modified":"2023-05-25T15:01:03","modified_gmt":"2023-05-25T13:01:03","slug":"artiste-oeuvre-107-334","status":"publish","type":"product","link":"https:\/\/galerie-seydoux.fr\/en\/collections\/artiste-oeuvre-107-334\/","title":{"rendered":"\u00c9tienne DUP\u00c9RAC  &#8211; Vestiges des thermes de Diocl\u00e9tien et autres ruines \u00e0 Rome, 1575"},"content":{"rendered":"<p>Two plates butted to the set of &#8220;Ruines de la Rome ancienne&#8221;, 1575. Good impression backed on old laid paper; some folds, small defects and stains. Undetermined edition but very probably of 16th century.<\/p>\n","protected":false},"excerpt":{"rendered":"<p>\u00c9tienne DUP\u00c9RAC<br \/>\nca 1525 Paris + ca 1604<br \/>\nEtching<\/p>\n","protected":false},"featured_media":19653,"template":"","meta":{"_acf_changed":false,"_et_pb_use_builder":"","_et_pb_old_content":"","_et_gb_content_width":"","inline_featured_image":false},"product_brand":[],"product_cat":[3670,373,3672,3674],"product_tag":[],"pa_product_author":[],"class_list":{"0":"post-14344","1":"product","2":"type-product","3":"status-publish","4":"has-post-thumbnail","6":"product_cat-16th-century","7":"product_cat-xviiie-siecle","8":"product_cat-prints","9":"product_cat-french-school","11":"first","12":"instock","13":"shipping-taxable","14":"purchasable","15":"product-type-simple"},"acf":[],"_links":{"self":[{"href":"https:\/\/galerie-seydoux.fr\/en\/wp-json\/wp\/v2\/product\/14344","targetHints":{"allow":["GET"]}}],"collection":[{"href":"https:\/\/galerie-seydoux.fr\/en\/wp-json\/wp\/v2\/product"}],"about":[{"href":"https:\/\/galerie-seydoux.fr\/en\/wp-json\/wp\/v2\/types\/product"}],"wp:featuredmedia":[{"embeddable":true,"href":"https:\/\/galerie-seydoux.fr\/en\/wp-json\/wp\/v2\/media\/19653"}],"wp:attachment":[{"href":"https:\/\/galerie-seydoux.fr\/en\/wp-json\/wp\/v2\/media?parent=14344"}],"wp:term":[{"taxonomy":"product_brand","embeddable":true,"href":"https:\/\/galerie-seydoux.fr\/en\/wp-json\/wp\/v2\/product_brand?post=14344"},{"taxonomy":"product_cat","embeddable":true,"href":"https:\/\/galerie-seydoux.fr\/en\/wp-json\/wp\/v2\/product_cat?post=14344"},{"taxonomy":"product_tag","embeddable":true,"href":"https:\/\/galerie-seydoux.fr\/en\/wp-json\/wp\/v2\/product_tag?post=14344"},{"taxonomy":"pa_product_author","embeddable":true,"href":"https:\/\/galerie-seydoux.fr\/en\/wp-json\/wp\/v2\/pa_product_author?post=14344"}],"curies":[{"name":"wp","href":"https:\/\/api.w.org\/{rel}","templated":true}]}}