{"id":13678,"date":"2021-10-05T14:00:00","date_gmt":"2021-10-05T12:00:00","guid":{"rendered":"https:\/\/xdbase.net\/galerie-seydoux\/?p=13678"},"modified":"2023-05-25T15:00:39","modified_gmt":"2023-05-25T13:00:39","slug":"artiste-oeuvre-107-130","status":"publish","type":"product","link":"https:\/\/galerie-seydoux.fr\/en\/collections\/artiste-oeuvre-107-130\/","title":{"rendered":"Jacques Pierre GARNIER ALLABRE editor in Chartres &#8211; J\u00e9sus meurt pour tous nos p\u00e9ch\u00e9s, ca 1810-20"},"content":{"rendered":"<p>N. Garnier nr 227. Very good impression on laid paper in the colors of time. Some creases and slight oxidation of the sheet. Small margins.<\/p>\n","protected":false},"excerpt":{"rendered":"<p>Jacques Pierre GARNIER ALLABRE editor<br \/>\n1782 + 1834 Chartres<br \/>\nWoodcut<\/p>\n","protected":false},"featured_media":19583,"template":"","meta":{"_acf_changed":false,"_et_pb_use_builder":"","_et_pb_old_content":"","_et_gb_content_width":"","inline_featured_image":false},"product_brand":[],"product_cat":[3680,3672,3674],"product_tag":[],"pa_product_author":[668],"class_list":{"0":"post-13678","1":"product","2":"type-product","3":"status-publish","4":"has-post-thumbnail","6":"product_cat-19th-century","7":"product_cat-prints","8":"product_cat-french-school","9":"pa_product_author-jacques-pierre-garnier-allabre-editor","11":"first","12":"instock","13":"shipping-taxable","14":"purchasable","15":"product-type-simple"},"acf":[],"_links":{"self":[{"href":"https:\/\/galerie-seydoux.fr\/en\/wp-json\/wp\/v2\/product\/13678","targetHints":{"allow":["GET"]}}],"collection":[{"href":"https:\/\/galerie-seydoux.fr\/en\/wp-json\/wp\/v2\/product"}],"about":[{"href":"https:\/\/galerie-seydoux.fr\/en\/wp-json\/wp\/v2\/types\/product"}],"wp:featuredmedia":[{"embeddable":true,"href":"https:\/\/galerie-seydoux.fr\/en\/wp-json\/wp\/v2\/media\/19583"}],"wp:attachment":[{"href":"https:\/\/galerie-seydoux.fr\/en\/wp-json\/wp\/v2\/media?parent=13678"}],"wp:term":[{"taxonomy":"product_brand","embeddable":true,"href":"https:\/\/galerie-seydoux.fr\/en\/wp-json\/wp\/v2\/product_brand?post=13678"},{"taxonomy":"product_cat","embeddable":true,"href":"https:\/\/galerie-seydoux.fr\/en\/wp-json\/wp\/v2\/product_cat?post=13678"},{"taxonomy":"product_tag","embeddable":true,"href":"https:\/\/galerie-seydoux.fr\/en\/wp-json\/wp\/v2\/product_tag?post=13678"},{"taxonomy":"pa_product_author","embeddable":true,"href":"https:\/\/galerie-seydoux.fr\/en\/wp-json\/wp\/v2\/pa_product_author?post=13678"}],"curies":[{"name":"wp","href":"https:\/\/api.w.org\/{rel}","templated":true}]}}