{"id":12087,"date":"2022-09-21T14:58:39","date_gmt":"2022-09-21T12:58:39","guid":{"rendered":"https:\/\/xdbase.net\/galerie-seydoux\/?p=12087"},"modified":"2023-05-25T14:57:20","modified_gmt":"2023-05-25T12:57:20","slug":"artiste-oeuvre-107-39","status":"publish","type":"product","link":"https:\/\/galerie-seydoux.fr\/en\/collections\/artiste-oeuvre-107-39\/","title":{"rendered":"Emile de SPECHT &#8211; Le Feu au bordel, 1886"},"content":{"rendered":"<p>Very good impression printed in colors, retouched, signed, located and dated by ink. Good margins. On an old montage is registered, probably by the hand of doctor Gachet son, the following annotation : Le Feu au bordel ! (Monotype) Taches de hasard sur une g(?) de tirage exploit\u00e9es et pr\u00e9cis\u00e9es au crayon noir et \u00e0 la sanguine. Some foxings, essentially marginal. Very rare. By technique and subject this print is to be compared to monotypes by Degas.<\/p>\n","protected":false},"excerpt":{"rendered":"<p>Emile de SPECHT<br \/>\n1843 Saint Denis + 1909<br \/>\nMonotype retouched<\/p>\n","protected":false},"featured_media":20033,"template":"","meta":{"_acf_changed":false,"_et_pb_use_builder":"","_et_pb_old_content":"","_et_gb_content_width":"","inline_featured_image":false},"product_brand":[],"product_cat":[3680,3672,3674],"product_tag":[],"pa_product_author":[],"class_list":{"0":"post-12087","1":"product","2":"type-product","3":"status-publish","4":"has-post-thumbnail","6":"product_cat-19th-century","7":"product_cat-prints","8":"product_cat-french-school","10":"first","11":"instock","12":"shipping-taxable","13":"purchasable","14":"product-type-simple"},"acf":[],"_links":{"self":[{"href":"https:\/\/galerie-seydoux.fr\/en\/wp-json\/wp\/v2\/product\/12087","targetHints":{"allow":["GET"]}}],"collection":[{"href":"https:\/\/galerie-seydoux.fr\/en\/wp-json\/wp\/v2\/product"}],"about":[{"href":"https:\/\/galerie-seydoux.fr\/en\/wp-json\/wp\/v2\/types\/product"}],"wp:featuredmedia":[{"embeddable":true,"href":"https:\/\/galerie-seydoux.fr\/en\/wp-json\/wp\/v2\/media\/20033"}],"wp:attachment":[{"href":"https:\/\/galerie-seydoux.fr\/en\/wp-json\/wp\/v2\/media?parent=12087"}],"wp:term":[{"taxonomy":"product_brand","embeddable":true,"href":"https:\/\/galerie-seydoux.fr\/en\/wp-json\/wp\/v2\/product_brand?post=12087"},{"taxonomy":"product_cat","embeddable":true,"href":"https:\/\/galerie-seydoux.fr\/en\/wp-json\/wp\/v2\/product_cat?post=12087"},{"taxonomy":"product_tag","embeddable":true,"href":"https:\/\/galerie-seydoux.fr\/en\/wp-json\/wp\/v2\/product_tag?post=12087"},{"taxonomy":"pa_product_author","embeddable":true,"href":"https:\/\/galerie-seydoux.fr\/en\/wp-json\/wp\/v2\/pa_product_author?post=12087"}],"curies":[{"name":"wp","href":"https:\/\/api.w.org\/{rel}","templated":true}]}}