{"id":10785,"date":"2020-12-01T15:00:00","date_gmt":"2020-12-01T14:00:00","guid":{"rendered":"https:\/\/xdbase.net\/galerie-seydoux\/?p=10785"},"modified":"2023-05-26T12:02:13","modified_gmt":"2023-05-26T10:02:13","slug":"artiste-oeuvre-107-164","status":"publish","type":"product","link":"https:\/\/galerie-seydoux.fr\/en\/collections\/artiste-oeuvre-107-164\/","title":{"rendered":"Honor\u00e9 DAUMIER &#8211; Tu m&#8217;emb\u00eates mon \u00e9pouse !&#8230;, ca 1840"},"content":{"rendered":"<p>Delteil nr 606 (III\/IV). Very good impression on wove paper of the 3rd state (of 4). Light foxing on the back; small folds along the top edge and small marginal hole; slight oxidation of the sheet. Small margins. Ex-collection A. Bloch (Lugt nr 68a).<\/p>\n","protected":false},"excerpt":{"rendered":"<p>Honor\u00e9 DAUMIER<br \/>\n1808 Marseille + 1879 Valmondois<br \/>\nLithography<\/p>\n","protected":false},"featured_media":19193,"template":"","meta":{"_acf_changed":false,"_et_pb_use_builder":"","_et_pb_old_content":"","_et_gb_content_width":"","inline_featured_image":false},"product_brand":[],"product_cat":[373],"product_tag":[],"pa_product_author":[],"class_list":{"0":"post-10785","1":"product","2":"type-product","3":"status-publish","4":"has-post-thumbnail","6":"product_cat-xviiie-siecle","8":"first","9":"instock","10":"shipping-taxable","11":"purchasable","12":"product-type-simple"},"acf":[],"_links":{"self":[{"href":"https:\/\/galerie-seydoux.fr\/en\/wp-json\/wp\/v2\/product\/10785","targetHints":{"allow":["GET"]}}],"collection":[{"href":"https:\/\/galerie-seydoux.fr\/en\/wp-json\/wp\/v2\/product"}],"about":[{"href":"https:\/\/galerie-seydoux.fr\/en\/wp-json\/wp\/v2\/types\/product"}],"wp:featuredmedia":[{"embeddable":true,"href":"https:\/\/galerie-seydoux.fr\/en\/wp-json\/wp\/v2\/media\/19193"}],"wp:attachment":[{"href":"https:\/\/galerie-seydoux.fr\/en\/wp-json\/wp\/v2\/media?parent=10785"}],"wp:term":[{"taxonomy":"product_brand","embeddable":true,"href":"https:\/\/galerie-seydoux.fr\/en\/wp-json\/wp\/v2\/product_brand?post=10785"},{"taxonomy":"product_cat","embeddable":true,"href":"https:\/\/galerie-seydoux.fr\/en\/wp-json\/wp\/v2\/product_cat?post=10785"},{"taxonomy":"product_tag","embeddable":true,"href":"https:\/\/galerie-seydoux.fr\/en\/wp-json\/wp\/v2\/product_tag?post=10785"},{"taxonomy":"pa_product_author","embeddable":true,"href":"https:\/\/galerie-seydoux.fr\/en\/wp-json\/wp\/v2\/pa_product_author?post=10785"}],"curies":[{"name":"wp","href":"https:\/\/api.w.org\/{rel}","templated":true}]}}