{"id":20678,"date":"2023-01-10T11:12:56","date_gmt":"2023-01-10T10:12:56","guid":{"rendered":"https:\/\/xdbase.net\/galerie-seydoux\/?page_id=20678"},"modified":"2024-02-08T08:44:31","modified_gmt":"2024-02-08T07:44:31","slug":"about-us","status":"publish","type":"page","link":"https:\/\/galerie-seydoux.fr\/en\/about-us\/","title":{"rendered":"About us"},"content":{"rendered":"<p>[et_pb_section fb_built=&#8221;1&#8243; custom_padding_last_edited=&#8221;on|tablet&#8221; _builder_version=&#8221;4.24.0&#8243; _module_preset=&#8221;default&#8221; background_color=&#8221;#f5f5f5&#8243; custom_padding=&#8221;50px||58px||false|false&#8221; custom_padding_tablet=&#8221;48px|16px|42px|16px|false|false&#8221; custom_padding_phone=&#8221;48px||42px||false|false&#8221; hover_enabled=&#8221;0&#8243; global_colors_info=&#8221;{}&#8221; sticky_enabled=&#8221;0&#8243;][et_pb_row custom_padding_last_edited=&#8221;on|tablet&#8221; _builder_version=&#8221;4.19.4&#8243; _module_preset=&#8221;default&#8221; width_tablet=&#8221;100%&#8221; width_phone=&#8221;100%&#8221; width_last_edited=&#8221;on|desktop&#8221; custom_margin=&#8221;||0px||false|false&#8221; custom_margin_tablet=&#8221;|0px|0px|0px|false|false&#8221; custom_margin_phone=&#8221;||0px||false|false&#8221; custom_margin_last_edited=&#8221;on|tablet&#8221; custom_padding=&#8221;25px||55px||false|false&#8221; custom_padding_tablet=&#8221;0px|0px|32px|0px|false|false&#8221; custom_padding_phone=&#8221;0px||32px||false|false&#8221; global_colors_info=&#8221;{}&#8221;][et_pb_column type=&#8221;4_4&#8243; _builder_version=&#8221;4.19.4&#8243; _module_preset=&#8221;default&#8221; global_colors_info=&#8221;{}&#8221;][et_pb_text _builder_version=&#8221;4.19.4&#8243; _dynamic_attributes=&#8221;content&#8221; _module_preset=&#8221;default&#8221; text_text_color=&#8221;#332f28&#8243; text_font_size=&#8221;40px&#8221; text_line_height=&#8221;48px&#8221; header_text_color=&#8221;#332f28&#8243; header_font_size=&#8221;40px&#8221; header_line_height=&#8221;48em&#8221; text_font_size_tablet=&#8221;32px&#8221; text_font_size_phone=&#8221;32px&#8221; text_font_size_last_edited=&#8221;on|tablet&#8221; text_line_height_tablet=&#8221;38px&#8221; text_line_height_phone=&#8221;38px&#8221; text_line_height_last_edited=&#8221;on|tablet&#8221; global_colors_info=&#8221;{}&#8221;]@ET-DC@eyJkeW5hbWljIjp0cnVlLCJjb250ZW50IjoicG9zdF90aXRsZSIsInNldHRpbmdzIjp7ImJlZm9yZSI6IiIsImFmdGVyIjoiIn19@[\/et_pb_text][\/et_pb_column][\/et_pb_row][et_pb_row _builder_version=&#8221;4.19.4&#8243; _module_preset=&#8221;default&#8221; width_tablet=&#8221;100%&#8221; width_phone=&#8221;100%&#8221; width_last_edited=&#8221;on|tablet&#8221; custom_margin=&#8221;0px||0px||false|false&#8221; custom_margin_tablet=&#8221;0px|0px|0px|0px|false|false&#8221; custom_margin_phone=&#8221;0px|0px|0px|0px|false|false&#8221; custom_margin_last_edited=&#8221;on|tablet&#8221; custom_padding=&#8221;0px||0px||false|false&#8221; global_colors_info=&#8221;{}&#8221;][et_pb_column type=&#8221;4_4&#8243; _builder_version=&#8221;4.19.4&#8243; _module_preset=&#8221;default&#8221; custom_css_main_element=&#8221;max-width: 100%;||width: 95% !important;&#8221; global_colors_info=&#8221;{}&#8221;][et_pb_text module_class=&#8221;disclosure-closed_ul&#8221; _builder_version=&#8221;4.19.4&#8243; _module_preset=&#8221;default&#8221; ul_text_color=&#8221;#332f28&#8243; ul_font_size=&#8221;18px&#8221; ul_line_height=&#8221;22px&#8221; width=&#8221;100%&#8221; max_width=&#8221;100%&#8221; custom_margin=&#8221;0px||0px||false|false&#8221; custom_padding=&#8221;0px||0px||false|false&#8221; ul_font_size_tablet=&#8221;16px&#8221; ul_font_size_phone=&#8221;16px&#8221; ul_font_size_last_edited=&#8221;on|tablet&#8221; ul_line_height_tablet=&#8221;19px&#8221; ul_line_height_phone=&#8221;19px&#8221; ul_line_height_last_edited=&#8221;on|tablet&#8221; custom_css_main_element=&#8221;ul {||  padding-bottom: 0; ||  ||}&#8221; global_colors_info=&#8221;{}&#8221;]<\/p>\n<ul>\n<li style=\"list-style-type: none;\">\n<ul>\n<li>CSEDT \u2013 Union Chamber of Prints, Drawings and Paintings \u2013 France<\/li>\n<\/ul>\n<\/li>\n<\/ul>\n<p>[\/et_pb_text][\/et_pb_column][\/et_pb_row][et_pb_row _builder_version=&#8221;4.19.4&#8243; _module_preset=&#8221;default&#8221; width_tablet=&#8221;100%&#8221; width_phone=&#8221;100%&#8221; width_last_edited=&#8221;on|tablet&#8221; custom_margin=&#8221;0px||||false|false&#8221; custom_margin_tablet=&#8221;0px|0px||0px|false|false&#8221; custom_margin_phone=&#8221;0px||||false|false&#8221; custom_margin_last_edited=&#8221;on|tablet&#8221; custom_padding=&#8221;0px||0px||false|false&#8221; global_colors_info=&#8221;{}&#8221;][et_pb_column type=&#8221;4_4&#8243; _builder_version=&#8221;4.19.4&#8243; _module_preset=&#8221;default&#8221; global_colors_info=&#8221;{}&#8221;][et_pb_text _builder_version=&#8221;4.19.4&#8243; _module_preset=&#8221;default&#8221; text_line_height=&#8221;27px&#8221; custom_margin=&#8221;||0px||false|false&#8221; custom_margin_tablet=&#8221;0px||0px||false|false&#8221; custom_margin_phone=&#8221;0px||0px||false|false&#8221; custom_margin_last_edited=&#8221;on|tablet&#8221; custom_padding=&#8221;12px||12px||false|false&#8221; custom_padding_tablet=&#8221;0px||12px||false|false&#8221; custom_padding_phone=&#8221;0px||12px||false|false&#8221; custom_padding_last_edited=&#8221;on|tablet&#8221; global_colors_info=&#8221;{}&#8221;]<\/p>\n<p>The Chambre Syndicale de l\u2019Estampe, du Dessin et du Tableau (CSEDT) is a professional union, founded in 1919, (law 1884). Its object is the defense and promotion of its members, which are art galleries practicing the sale of works of art, the promotion of contemporary artists, publishing and sale of original prints and posters Of collection. The Chambre Syndicale intervenes both with the French ministries and with the services of the European Union.<\/p>\n<p>[\/et_pb_text][et_pb_text module_class=&#8221;disclosure-closed_ul&#8221; _builder_version=&#8221;4.19.4&#8243; _module_preset=&#8221;default&#8221; ul_text_color=&#8221;#332f28&#8243; ul_font_size=&#8221;18px&#8221; ul_line_height=&#8221;22px&#8221; custom_margin=&#8221;||0px||false|false&#8221; custom_css_main_element=&#8221;list-style-type:  disclosure-closed;&#8221; global_colors_info=&#8221;{}&#8221;]<\/p>\n<p>The Chambre Syndicale is a member of:<\/p>\n<ul>\n<li style=\"list-style-type: none;\">\n<ul>\n<li>Observatoire du March\u00e9 de l\u2019Art et des Mouvements Internationaux, si\u00e9geant \u00e0 la Direction des Mus\u00e9es de France (OMMAMI),<\/li>\n<li>Comit\u00e9 de Liaison du March\u00e9 de l\u2019Art (CLMA),<\/li>\n<li>Conf\u00e9d\u00e9ration Fran\u00e7aise des M\u00e9tiers d\u2019Art (CFMA),<\/li>\n<li>Conf\u00e9d\u00e9ration des Commer\u00e7ants de France (CdCF),<\/li>\n<li>Conf\u00e9d\u00e9ration Internationale des N\u00e9gociants en Oeuvres d\u2019Art (CINOA).<br \/><a href=\"https:\/\/xdbase.net\/galerie-seydoux\/wp-content\/uploads\/2023\/01\/gs-0000-logo-csedt.svg\"><img loading=\"lazy\" decoding=\"async\" src=\"https:\/\/xdbase.net\/galerie-seydoux\/wp-content\/uploads\/2023\/01\/gs-0000-logo-csedt.svg\" alt=\"\" class=\"wp-image-20339 alignnone size-medium\" width=\"131\" height=\"109\"><\/a><\/li>\n<li>CINOA<\/li>\n<\/ul>\n<\/li>\n<\/ul>\n<p>[\/et_pb_text][et_pb_text _builder_version=&#8221;4.19.4&#8243; _module_preset=&#8221;default&#8221; text_line_height=&#8221;27px&#8221; custom_margin=&#8221;||0px||false|false&#8221; custom_padding=&#8221;||0px||false|false&#8221; global_colors_info=&#8221;{}&#8221;]<\/p>\n<p>CINOA is an international federation of not-for-profit associations, created more than 70 years ago. It is the only international federation of antique dealers and art dealers operating in a wide range of specialties. CINOA members are made up of 31 associations involved in art and antiquities in 21 countries and representing more than 5,000 dealers in works of art around the world. Membership in CINOA is through associations whose members are required to comply with strict standards of quality and expertise. The secretariat of CINOA is in Brussels. His two official working languages \u200b\u200bare English and French. Our members are from Australia, Austria, Belgium, Czech, Denmark, Spain, France, Germany, the Republic of Ireland, Italy, the Netherlands, New Zealand, Norway, Poland, Portugal, South Africa, Russia, Sweden, Switzerland, the United Kingdom and the United States of America.<\/p>\n<p>[\/et_pb_text][\/et_pb_column][\/et_pb_row][\/et_pb_section]<\/p>\n","protected":false},"excerpt":{"rendered":"<p>CSEDT \u2013 Union Chamber of Prints, Drawings and Paintings \u2013 France The Chambre Syndicale de l\u2019Estampe, du Dessin et du Tableau (CSEDT) is a professional union, founded in 1919, (law 1884). Its object is the defense and promotion of its members, which are art galleries practicing the sale of works of art, the promotion of [&hellip;]<\/p>\n","protected":false},"author":3,"featured_media":0,"parent":0,"menu_order":0,"comment_status":"closed","ping_status":"closed","template":"","meta":{"_acf_changed":false,"_et_pb_use_builder":"on","_et_pb_old_content":"","_et_gb_content_width":"","inline_featured_image":false,"footnotes":""},"class_list":["post-20678","page","type-page","status-publish","hentry"],"acf":[],"_links":{"self":[{"href":"https:\/\/galerie-seydoux.fr\/en\/wp-json\/wp\/v2\/pages\/20678","targetHints":{"allow":["GET"]}}],"collection":[{"href":"https:\/\/galerie-seydoux.fr\/en\/wp-json\/wp\/v2\/pages"}],"about":[{"href":"https:\/\/galerie-seydoux.fr\/en\/wp-json\/wp\/v2\/types\/page"}],"author":[{"embeddable":true,"href":"https:\/\/galerie-seydoux.fr\/en\/wp-json\/wp\/v2\/users\/3"}],"replies":[{"embeddable":true,"href":"https:\/\/galerie-seydoux.fr\/en\/wp-json\/wp\/v2\/comments?post=20678"}],"version-history":[{"count":1,"href":"https:\/\/galerie-seydoux.fr\/en\/wp-json\/wp\/v2\/pages\/20678\/revisions"}],"predecessor-version":[{"id":21165,"href":"https:\/\/galerie-seydoux.fr\/en\/wp-json\/wp\/v2\/pages\/20678\/revisions\/21165"}],"wp:attachment":[{"href":"https:\/\/galerie-seydoux.fr\/en\/wp-json\/wp\/v2\/media?parent=20678"}],"curies":[{"name":"wp","href":"https:\/\/api.w.org\/{rel}","templated":true}]}}